{"id":9826,"date":"2019-09-12T09:53:52","date_gmt":"2019-09-12T09:53:52","guid":{"rendered":"http:\/\/stbc.es\/?page_id=9826"},"modified":"2019-09-12T09:53:52","modified_gmt":"2019-09-12T09:53:52","slug":"colabora","status":"publish","type":"page","link":"https:\/\/edithstein.archimadrid.es\/?page_id=9826","title":{"rendered":"COLABORA\/TRANSPARENCIA"},"content":{"rendered":"<p>[vc_row type=\u00bbfull-width-section\u00bb css=\u00bb.vc_custom_1417066566045{margin-bottom: 0px;border-top-width: 1px;border-bottom-width: 1px;padding-top: 98px;padding-bottom: 46px;background-color: #f9fafb;border-top-color: #ebebeb;border-top-style: solid;border-bottom-color: #ebebeb;border-bottom-style: solid;}\u00bb][vc_column width=\u00bb1\/2&#8243; css=\u00bb.vc_custom_1417066104809{padding-bottom: 30px;}\u00bb][vc_custom_heading text=\u00bbCOLABORA\u00bb font_container=\u00bbtag:h2|font_size:30|text_align:left|color:%232c3e50&#8243; google_fonts=\u00bbfont_family:Lato%3A100%2C100italic%2C300%2C300italic%2Cregular%2Citalic%2C700%2C700italic%2C900%2C900italic|font_style:900%20bold%20regular%3A900%3Anormal\u00bb css=\u00bb.vc_custom_1562451909781{margin-bottom: 18px !important;}\u00bb el_class=\u00bbletterspacing-2-5&#8243;][vc_column_text css=\u00bb.vc_custom_1562452452486{margin-bottom: 24px !important;}\u00bb]<span style=\"color: #000000;\">Con tu colaboraci\u00f3n podremos completar la actividad parroquial y seguir ofreciendo ayuda a los que m\u00e1s la necesitan.<\/span>[\/vc_column_text][rd_lists_ctn][rd_list i_color=\u00bb#fcb614&#8243; content_color=\u00bb#000000&#8243; icon=\u00bbelg-icon_plus_alt2&#8243;]Ayudas a cuidar tu parroquia, la casa de Dios, tu casa.[\/rd_list][rd_list i_color=\u00bb#fcb614&#8243; content_color=\u00bb#000000&#8243; icon=\u00bbelg-icon_plus_alt2&#8243;]Colaboras en la difusi\u00f3n del Evangelio.[\/rd_list][rd_list i_color=\u00bb#fcb614&#8243; content_color=\u00bb#000000&#8243; icon=\u00bbelg-icon_plus_alt2&#8243;]Transmites la fe a los m\u00e1s j\u00f3venes.[\/rd_list][rd_list i_color=\u00bb#fcb614&#8243; content_color=\u00bb#000000&#8243; icon=\u00bbelg-icon_plus_alt2&#8243;]Haces presente a Dios en el barrio, que otras familias se acerquen a \u00c9l.[\/rd_list][rd_list i_color=\u00bb#fcb614&#8243; content_color=\u00bb#000000&#8243; icon=\u00bbelg-icon_plus_alt2&#8243;]Emprendes nuevos proyectos.[\/rd_list][rd_list i_color=\u00bb#fcb614&#8243; content_color=\u00bb#000000&#8243; icon=\u00bbelg-icon_plus_alt2&#8243;]Amplias la actividad caritativa.[\/rd_list][rd_list i_color=\u00bb#fcb614&#8243; content_color=\u00bb#000000&#8243; icon=\u00bbelg-icon_plus_alt2&#8243;]Ayudas a otras parroquias a trav\u00e9s del Fondo de Cooperaci\u00f3n Diocesano.[\/rd_list][rd_list i_color=\u00bb#fcb614&#8243; content_color=\u00bb#000000&#8243; icon=\u00bbelg-icon_plus_alt2&#8243;]Edificas la Iglesia que camina unida hacia Dios.[\/rd_list][\/rd_lists_ctn][\/vc_column][vc_column width=\u00bb1\/2&#8243; animation=\u00bbrda_bounceInRight\u00bb css=\u00bb.vc_custom_1421574088683{padding-bottom: 30px !important;}\u00bb][vc_single_image image=\u00bb9828&#8243; img_size=\u00bbfull\u00bb][\/vc_column][\/vc_row][vc_row css=\u00bb.vc_custom_1419836117845{margin-bottom: 0px;padding-top: 150px;padding-bottom: 4px;}\u00bb][vc_column][vc_row_inner css=\u00bb.vc_custom_1419836026585{margin-bottom: 0px;padding-bottom: 0px;}\u00bb][vc_column_inner width=\u00bb1\/3&#8243; css=\u00bb.vc_custom_1419835774891{padding-bottom: 50px;}\u00bb][iconbox2 type=\u00bbdefault\u00bb animation=\u00bbrda_bounceInLeft\u00bb icon=\u00bbbk-clipboard-2&#8243; i_color=\u00bb#fcb614&#8243; title=\u00bbSUSCRIPCIONES\u00bb content_color=\u00bb#000000&#8243; change_hover=\u00bbyes\u00bb hover_i_color=\u00bb#fcb614&#8243; hover_boxbg_color=\u00bbrgba(255,255,255,0.01)\u00bb hover_boxb_color=\u00bbrgba(255,255,255,0.01)\u00bb hover_t_color=\u00bb#e2e2e2&#8243; hover_text_color=\u00bb#000000&#8243;]<span style=\"color: #000000;\"><strong>S\u00ed, quiero colaborar con mi parroquia\u2026&nbsp;<\/strong>Para formalizar tu suscripci\u00f3n, puedes clickar&nbsp;<strong><u><a style=\"color: #000000;\" href=\"http:\/\/stbc.es\/wp-content\/uploads\/2017\/11\/con-tu-ayuda-lo-haces-posible-4-1.pdf\" download=\"\">aqu\u00ed<\/a><\/u><\/strong>&nbsp;y descargarte el impreso. Una vez relleno y firmado, env\u00edalo a&nbsp;<a style=\"color: #000000;\" href=\"mailto:stbc.parroquia@gmail.com\">stbc.parroquia@gmail.com<\/a>&nbsp;o entr\u00e9galo en la secretar\u00eda de la parroquia en horario de 10.30-12.30 y 18.00-20.00 de lunes a viernes. Tambi\u00e9n puedes entregarlo a los sacerdotes.<\/span><\/p>\n<p><span style=\"color: #000000;\">Adem\u00e1s, recuerda que tu contribuci\u00f3n a la parroquia tiene&nbsp;<a style=\"color: #000000;\" href=\"http:\/\/www.agenciatributaria.es\/AEAT.internet\/Inicio\/La_Agencia_Tributaria\/Campanas\/_Campanas_\/_comp_Renta\/_INFORMACION\/Ayuda\/_Preguntas_frecuentes_generales_sobre_el_IRPF_\/Tratamiento_fiscal_de_los_donativos\/Tratamiento_fiscal_de_los_donativos.shtml\" target=\"_blank\" rel=\"noopener\"><strong>ventajas fiscales<\/strong><\/a>: si te comprometes, por ejemplo, con 12\u20ac al mes, te podr\u00e1s deducir hasta un 80% en el IRPF, con lo que solo te costar\u00e1 2,40\u20ac al mes . Esta deducci\u00f3n del 80% se aplica a los donativos de hasta 250\u20ac. Tambi\u00e9n en el Impuesto sobre Sociedades.<\/span>[\/iconbox2][\/vc_column_inner][vc_column_inner width=\u00bb1\/3&#8243; css=\u00bb.vc_custom_1419835780206{padding-bottom: 50px;}\u00bb][iconbox2 type=\u00bbdefault\u00bb animation=\u00bbrda_bounceInLeft\u00bb icon=\u00bbbk-pig\u00bb i_color=\u00bb#fcb614&#8243; title=\u00bbDONACIONES\u00bb content_color=\u00bb#000000&#8243; change_hover=\u00bbyes\u00bb hover_i_color=\u00bb#fcb614&#8243; hover_boxbg_color=\u00bbrgba(255,255,255,0.01)\u00bb hover_boxb_color=\u00bbrgba(255,255,255,0.01)\u00bb hover_t_color=\u00bb#e2e2e2&#8243; hover_text_color=\u00bb#000000&#8243;]<span style=\"color: #000000;\">Con tu colaboraci\u00f3n podremos completar la actividad parroquial y seguir ofreciendo ayuda a los que m\u00e1s la necesitan.<\/span><\/p>\n<p><span style=\"color: #000000;\">Puedes hacer tu donativo a trav\u00e9s de:&nbsp;<\/span><\/p>\n<p><span style=\"color: #000000;\"><strong>TRANSFERENCIA:&nbsp;<\/strong><\/span><\/p>\n<p style=\"padding-left: 30px;\"><span style=\"color: #000000;\"><strong>N\u00famero de cuenta Banco Santander<\/strong>:&nbsp;<\/span><span style=\"color: #000000;\">ES14 0075 0436 7006 0040 5321&nbsp;<\/span><\/p>\n<p style=\"padding-left: 30px;\"><span style=\"color: #000000;\"><strong>Titular<\/strong>: Parroquia Santa Teresa Benedicta de la Cruz.<\/span><\/p>\n<p style=\"padding-left: 30px;\"><span style=\"color: #000000;\"><strong>CIF:<\/strong> R2801077E<\/span><\/p>\n<p><span style=\"color: #000000;\"><strong>BIZUM<\/strong><strong>:&nbsp;<\/strong><\/span><\/p>\n<p style=\"padding-left: 30px;\"><span style=\"color: #000000;\"><strong>Organizaci\u00f3n<\/strong>:&nbsp;P.Teresa Benedicta de la Cruz.<\/span><\/p>\n<p style=\"padding-left: 30px;\"><span style=\"color: #000000;\"><strong>C\u00f3digo<\/strong>:&nbsp;00151<\/span><\/p>\n<p><span style=\"color: #000000;\"><strong>DONO A MI IGLESIA:<\/strong><\/span><\/p>\n<p style=\"padding-left: 30px;\"><a href=\"https:\/\/www.donoamiiglesia.es\"><strong>https:\/\/www.donoamiiglesia.es<\/strong><\/a><\/p>\n<p><span style=\"color: #000000;\">Adem\u00e1s, recuerda que tu contribuci\u00f3n a la parroquia tiene&nbsp;<a style=\"color: #000000;\" href=\"http:\/\/www.agenciatributaria.es\/AEAT.internet\/Inicio\/La_Agencia_Tributaria\/Campanas\/_Campanas_\/_comp_Renta\/_INFORMACION\/Ayuda\/_Preguntas_frecuentes_generales_sobre_el_IRPF_\/Tratamiento_fiscal_de_los_donativos\/Tratamiento_fiscal_de_los_donativos.shtml\" target=\"_blank\" rel=\"noopener\"><strong>ventajas fiscales<\/strong><\/a>: si te comprometes, por ejemplo, con 12\u20ac al mes, te podr\u00e1s deducir hasta un 80% en el IRPF, con lo que solo te costar\u00e1 2,40\u20ac al mes. Esta deducci\u00f3n es para donativos hasta 250\u20ac. Tambi\u00e9n en el Impuesto sobre Sociedades.<\/span>[\/iconbox2][\/vc_column_inner][vc_column_inner width=\u00bb1\/3&#8243; css=\u00bb.vc_custom_1419835785351{padding-bottom: 50px;}\u00bb][iconbox2 type=\u00bbdefault\u00bb animation=\u00bbrda_bounceInLeft\u00bb icon=\u00bbbk-alarm-clock\u00bb i_color=\u00bb#fcb614&#8243; title=\u00bbCOLABORA CON TU TIEMPO\u00bb content_color=\u00bb#000000&#8243; change_hover=\u00bbyes\u00bb hover_i_color=\u00bb#fcb614&#8243; hover_boxbg_color=\u00bbrgba(255,255,255,0.01)\u00bb hover_boxb_color=\u00bbrgba(255,255,255,0.01)\u00bb hover_t_color=\u00bb#e2e2e2&#8243; hover_text_color=\u00bb#000000&#8243;]<span style=\"color: #000000;\">No s\u00f3lo la colaboraci\u00f3n econ\u00f3mica es necesaria.&nbsp; Necesitamos gente con iniciativas y que nos ayude a llegar a m\u00e1s. Si&nbsp;quieres y puedes echarnos una mano con cualquiera de las tareas de la parroquia, no dudes en contactar con nosotros.<\/span><\/p>\n<p><span style=\"color: #000000;\">Tareas en las que necesitamos m\u00e1s ayuda:<\/span><\/p>\n<ul>\n<li><span style=\"color: #000000;\">Catequistas<\/span><\/li>\n<li><span style=\"color: #000000;\">Ayudar a los enfermos de la parroquia<\/span><\/li>\n<li><span style=\"color: #000000;\">Mantenimiento de la web<\/span><\/li>\n<li><span style=\"color: #000000;\">Turnos de limpieza<\/span><\/li>\n<li><span style=\"color: #000000;\">Coros de las distintas misas<\/span><\/li>\n<li><span style=\"color: #000000;\">Caritas<\/span><\/li>\n<li><span style=\"color: #000000;\">Voluntariado<\/span><\/li>\n<li><span style=\"color: #000000;\">Grupo de Liturgia<\/span><\/li>\n<\/ul>\n<p><span style=\"color: #000000;\">\u00bfTienes propuestas? \u00a1Cu\u00e9ntanos!<\/span>[\/iconbox2][\/vc_column_inner][\/vc_row_inner][vc_row_inner css=\u00bb.vc_custom_1419836026585{margin-bottom: 0px;padding-bottom: 0px;}\u00bb][vc_column_inner width=\u00bb1\/3&#8243; css=\u00bb.vc_custom_1419835774891{padding-bottom: 50px;}\u00bb][iconbox2 type=\u00bbdefault\u00bb animation=\u00bbrda_bounceInLeft\u00bb icon=\u00bbbk-cancel-3&#8243; i_color=\u00bb#fcb614&#8243; title=\u00bbPROGRAMA XTANTOS\u00bb content_color=\u00bb#000000&#8243; change_hover=\u00bbyes\u00bb hover_i_color=\u00bb#fcb614&#8243; hover_boxbg_color=\u00bbrgba(255,255,255,0.01)\u00bb hover_boxb_color=\u00bbrgba(255,255,255,0.01)\u00bb hover_t_color=\u00bb#e2e2e2&#8243; hover_text_color=\u00bb#000000&#8243;]<span style=\"color: #000000;\">La campa\u00f1a Xtantos va unida a la modificaci\u00f3n en el sistema de Asignaci\u00f3n Tributaria que se firm\u00f3 en diciembre de 2006. Desde ese momento la Iglesia no tiene ninguna asignaci\u00f3n en los Presupuestos Generales del Estado.<\/span><\/p>\n<p><span style=\"color: #000000;\">Marcando la X \u00aba favor de la Iglesia\u00bb y la X \u00abpara fines sociales\u00bb en la declaraci\u00f3n de la renta ayudar\u00e1s el doble y no pagar\u00e1s m\u00e1s.<\/span>[\/iconbox2][\/vc_column_inner][vc_column_inner width=\u00bb1\/3&#8243; css=\u00bb.vc_custom_1419835780206{padding-bottom: 50px;}\u00bb][iconbox2 type=\u00bbdefault\u00bb animation=\u00bbrda_bounceInLeft\u00bb icon=\u00bbbk-heart-2&#8243; i_color=\u00bb#fcb614&#8243; title=\u00bbCARITAS\u00bb content_color=\u00bb#000000&#8243; change_hover=\u00bbyes\u00bb hover_i_color=\u00bb#fcb614&#8243; hover_boxbg_color=\u00bbrgba(255,255,255,0.01)\u00bb hover_boxb_color=\u00bbrgba(255,255,255,0.01)\u00bb hover_t_color=\u00bb#e2e2e2&#8243; hover_text_color=\u00bb#000000&#8243;]<span style=\"color: #000000;\">Grupo de voluntarios que se encarga de hacer real la caridad de la Iglesia atendiendo a las personas m\u00e1s necesitadas de nuestra Parroquia ayud\u00e1ndoles con bolsas de alimentos, becas y distintas necesidades, haciendo un seguimiento con las familias y elaborando con ellas un proyecto que les ayude a salir de la situaci\u00f3n de pobreza en la que se encuentran. Esta actividad se realiza en coordinaci\u00f3n con las dem\u00e1s Parroquias del Arciprestazgo y C\u00e1ritas Vicar\u00eda.<\/span><\/p>\n<p><span style=\"color: #000000;\">El horario del despacho de acogida es los mi\u00e9rcoles de 9:30 a 11:30.<\/span><\/p>\n<p><strong>N\u00famero de cuenta&nbsp;<\/strong>de caritas parroquial es:&nbsp;ES41 2038 1965 8060 0036 9819<\/p>\n<p><strong>BIZUM:<\/strong><strong>&nbsp;<\/strong><strong>Organizaci\u00f3n<\/strong>:&nbsp; Santa Teresa Benedicta de la Cruz. <strong>C\u00f3digo<\/strong>:&nbsp;04377[\/iconbox2][\/vc_column_inner][vc_column_inner width=\u00bb1\/3&#8243; css=\u00bb.vc_custom_1419835785351{padding-bottom: 50px;}\u00bb][iconbox2 type=\u00bbdefault\u00bb animation=\u00bbrda_bounceInLeft\u00bb icon=\u00bbbk-cross\u00bb i_color=\u00bb#fcb614&#8243; title=\u00bbORACI\u00d3N\u00bb content_color=\u00bb#000000&#8243; change_hover=\u00bbyes\u00bb hover_i_color=\u00bb#fcb614&#8243; hover_boxbg_color=\u00bbrgba(255,255,255,0.01)\u00bb hover_boxb_color=\u00bbrgba(255,255,255,0.01)\u00bb hover_t_color=\u00bb#e2e2e2&#8243; hover_text_color=\u00bb#000000&#8243;]<span style=\"color: #000000;\">Pilar b\u00e1sico de nuestra comunidad parroquial. Necesitamos tu oraci\u00f3n, por las vocaciones, por las familias, por todas las personas que integran nuestra parroquia, por nuestra misi\u00f3n&nbsp;apostolar, por nuestros enfermos\u2026&nbsp;para que siempre caminemos de la mano del Se\u00f1or.<\/span><\/p>\n<p><span style=\"color: #000000;\">Recuerda que puedes apuntarte a los turnos de oraci\u00f3n de los jueves de&nbsp;7:50 a 19:50 horas y participar en la exposici\u00f3n del Sant\u00edsimo de los lunes de 20:30 a 21:30 y los domingos de 19:45 a 20:20 horas<\/span>[\/iconbox2][\/vc_column_inner][\/vc_row_inner][\/vc_column][\/vc_row][vc_row][vc_column width=\u00bb1\/2&#8243;][vc_custom_heading text=\u00bbTRANSPARENCIA\u00bb font_container=\u00bbtag:h2|font_size:30|text_align:left|color:%232c3e50&#8243; google_fonts=\u00bbfont_family:Lato%3A100%2C100italic%2C300%2C300italic%2Cregular%2Citalic%2C700%2C700italic%2C900%2C900italic|font_style:900%20bold%20regular%3A900%3Anormal\u00bb el_class=\u00bbletterspacing-2-5&#8243;][vc_column_text css=\u00bb\u00bb]<span style=\"color: #000000;\">Os informamos aqu\u00ed de forma resumida los ingresos y gastos de la parroquia durante el a\u00f1o 2024.<\/span><\/p>\n<p><span style=\"color: #000000;\">Gracias a todos por vuestra colaboraci\u00f3n, por ayudarnos cada d\u00eda a llevar al Se\u00f1or a todos los hogares de nuestro barrio.&nbsp;<\/span>[\/vc_column_text][\/vc_column][vc_column width=\u00bb1\/2&#8243;][vc_single_image image=\u00bb17457&#8243; img_size=\u00bbfull\u00bb css=\u00bb\u00bb][\/vc_column][\/vc_row][vc_row][vc_column][\/vc_column][\/vc_row]<\/p>\n","protected":false},"excerpt":{"rendered":"<p>[vc_row type=\u00bbfull-width-section\u00bb css=\u00bb.vc_custom_1417066566045{margin-bottom: 0px;border-top-width: 1px;border-bottom-width: 1px;padding-top: 98px;padding-bottom: 46px;background-color: #f9fafb;border-top-color: #ebebeb;border-top-style: solid;border-bottom-color: #ebebeb;border-bottom-style: solid;}\u00bb][vc_column width=\u00bb1\/2&#8243; css=\u00bb.vc_custom_1417066104809{padding-bottom: 30px;}\u00bb][vc_custom_heading text=\u00bbCOLABORA\u00bb font_container=\u00bbtag:h2|font_size:30|text_align:left|color:%232c3e50&#8243; google_fonts=\u00bbfont_family:Lato%3A100%2C100italic%2C300%2C300italic%2Cregular%2Citalic%2C700%2C700italic%2C900%2C900italic|font_style:900%20bold%20regular%3A900%3Anormal\u00bb css=\u00bb.vc_custom_1562451909781{margin-bottom: 18px !important;}\u00bb el_class=\u00bbletterspacing-2-5&#8243;][vc_column_text css=\u00bb.vc_custom_1562452452486{margin-bottom: 24px !important;}\u00bb]Con tu colaboraci\u00f3n podremos completar la actividad parroquial y seguir ofreciendo ayuda a los que m\u00e1s la necesitan.[\/vc_column_text][rd_lists_ctn][rd_list i_color=\u00bb#fcb614&#8243; content_color=\u00bb#000000&#8243; icon=\u00bbelg-icon_plus_alt2&#8243;]Ayudas a cuidar tu parroquia, la casa de Dios, tu [&hellip;]<\/p>\n","protected":false},"author":5,"featured_media":0,"parent":0,"menu_order":13,"comment_status":"closed","ping_status":"closed","template":"","meta":{"footnotes":""},"class_list":["post-9826","page","type-page","status-publish","hentry"],"_links":{"self":[{"href":"https:\/\/edithstein.archimadrid.es\/index.php?rest_route=\/wp\/v2\/pages\/9826","targetHints":{"allow":["GET"]}}],"collection":[{"href":"https:\/\/edithstein.archimadrid.es\/index.php?rest_route=\/wp\/v2\/pages"}],"about":[{"href":"https:\/\/edithstein.archimadrid.es\/index.php?rest_route=\/wp\/v2\/types\/page"}],"author":[{"embeddable":true,"href":"https:\/\/edithstein.archimadrid.es\/index.php?rest_route=\/wp\/v2\/users\/5"}],"replies":[{"embeddable":true,"href":"https:\/\/edithstein.archimadrid.es\/index.php?rest_route=%2Fwp%2Fv2%2Fcomments&post=9826"}],"version-history":[{"count":0,"href":"https:\/\/edithstein.archimadrid.es\/index.php?rest_route=\/wp\/v2\/pages\/9826\/revisions"}],"wp:attachment":[{"href":"https:\/\/edithstein.archimadrid.es\/index.php?rest_route=%2Fwp%2Fv2%2Fmedia&parent=9826"}],"curies":[{"name":"wp","href":"https:\/\/api.w.org\/{rel}","templated":true}]}}