{"id":9822,"date":"2019-09-12T09:51:05","date_gmt":"2019-09-12T09:51:05","guid":{"rendered":"http:\/\/stbc.es\/?page_id=9822"},"modified":"2019-09-12T09:51:05","modified_gmt":"2019-09-12T09:51:05","slug":"grupos-2","status":"publish","type":"page","link":"https:\/\/edithstein.archimadrid.es\/?page_id=9822","title":{"rendered":"GRUPOS"},"content":{"rendered":"<p>[vc_row css=\u00bb.vc_custom_1567672320637{margin-top: 25px !important;border-top-width: 0px !important;padding-top: 0px !important;}\u00bb][vc_column css=\u00bb.vc_custom_1567592960884{margin-top: 0px !important;border-top-width: 0px !important;padding-top: 0px !important;}\u00bb][vc_custom_heading text=\u00bbEN LA PARROQUIA PODR\u00c1S FORMARTE EN LA FE DE FORMA CONTINUADA YA QUE CONTAMOS CON GRUPOS PARA TODAS LAS EDADES\u00bb font_container=\u00bbtag:h2|font_size:20|text_align:center|color:%232c3e50&#8243; google_fonts=\u00bbfont_family:Lato%3A100%2C100italic%2C300%2C300italic%2Cregular%2Citalic%2C700%2C700italic%2C900%2C900italic|font_style:900%20bold%20regular%3A900%3Anormal\u00bb css=\u00bb.vc_custom_1568624643388{margin-bottom: 18px !important;}\u00bb el_class=\u00bbletterspacing-2-5&#8243;][\/vc_column][\/vc_row][vc_row type=\u00bbfull-width-section\u00bb css=\u00bb.vc_custom_1567779679203{margin-bottom: 0px !important;border-top-width: 1px !important;border-bottom-width: 0px !important;padding-top: 79px !important;padding-bottom: 0px !important;background-color: #f9fafb !important;border-top-color: #ebebeb !important;border-top-style: solid !important;border-bottom-color: #ebebeb !important;border-bottom-style: solid !important;}\u00bb][vc_column width=\u00bb1\/3&#8243; css=\u00bb.vc_custom_1567779701652{padding-bottom: 30px !important;}\u00bb][iconbox2 type=\u00bbsimple\u00bb animation=\u00bbrda_fadeInUp\u00bb icon=\u00bbbk-pin-2&#8243; i_color=\u00bb#fab531&#8243; boxbg_color=\u00bb#ffffff\u00bb boxb_color=\u00bb#e7e7e7&#8243; title=\u00bbCATEQUESIS INFANCIA (PREPARACI\u00d3N PARA PRIMERA COMUNI\u00d3N)\u00bb t_color=\u00bb#0a0a0a\u00bb change_hover=\u00bbyes\u00bb hover_i_color=\u00bb#fab531&#8243; hover_t_color=\u00bb#fab531&#8243; hover_button_t_color=\u00bb#0a0a0a\u00bb]<\/p>\n<p style=\"text-align: center;\"><span style=\"color: #000000;\"><strong>Qui\u00e9n<\/strong>: estudiantes de 2\u00ba-4\u00ba de primaria<\/span><\/p>\n<p style=\"text-align: center;\"><span style=\"color: #000000;\"><strong>Cu\u00e1ndo<\/strong>: Lunes, Martes o Mi\u00e9rcoles de 18:00 a 19:00<\/span><\/p>\n<p style=\"text-align: center;\"><span style=\"color: #000000;\">Catequesis en la que los ni\u00f1os m\u00e1s peque\u00f1os descubren la presencia y amor de<\/span><br \/>\n<span style=\"color: #000000;\">Dios como Padre y a Jesucristo como amigo y se preparan para recibir por primera vez a Jes\u00fas en la Eucarist\u00eda.<\/span><\/p>\n<p>[\/iconbox2][vc_empty_space height=\u00bb40px\u00bb][\/vc_column][vc_column width=\u00bb1\/3&#8243; css=\u00bb.vc_custom_1567779708060{padding-bottom: 30px !important;}\u00bb][iconbox2 type=\u00bbsimple\u00bb animation=\u00bbrda_fadeInUp\u00bb icon=\u00bbbk-pin-2&#8243; i_color=\u00bb#fab531&#8243; boxbg_color=\u00bb#ffffff\u00bb boxb_color=\u00bb#e7e7e7&#8243; title=\u00bbPLANAZO\u00bb t_color=\u00bb#0a0a0a\u00bb change_hover=\u00bbyes\u00bb hover_i_color=\u00bb#fab531&#8243; hover_t_color=\u00bb#fab531&#8243; hover_button_t_color=\u00bb#0a0a0a\u00bb]<\/p>\n<p style=\"text-align: center;\"><span style=\"color: #000000;\"><strong>Qui\u00e9n<\/strong>: estudiantes de 3\u00ba a 6\u00ba de primaria<\/span><\/p>\n<p style=\"text-align: center;\"><span style=\"color: #000000;\"><strong>Cu\u00e1ndo<\/strong>: los viernes de 18:00 a 19:30<\/span><\/p>\n<p style=\"text-align: center;\"><span style=\"color: #000000;\">Actividades dirigidas por catequistas en las que descubren que la Parroquia es su casa. Adem\u00e1s, se organizan convivencias, excursiones y campamentos de verano.<\/span><\/p>\n<p>[\/iconbox2][vc_empty_space height=\u00bb40px\u00bb][\/vc_column][vc_column width=\u00bb1\/3&#8243; css=\u00bb.vc_custom_1567779714751{padding-bottom: 30px !important;}\u00bb][iconbox2 type=\u00bbsimple\u00bb animation=\u00bbrda_fadeInUp\u00bb icon=\u00bbbk-pin-2&#8243; i_color=\u00bb#fab531&#8243; boxbg_color=\u00bb#ffffff\u00bb boxb_color=\u00bb#e7e7e7&#8243; title=\u00bbGRUPOS JUVENILES\u00bb t_color=\u00bb#0a0a0a\u00bb change_hover=\u00bbyes\u00bb hover_i_color=\u00bb#fab531&#8243; hover_t_color=\u00bb#fab531&#8243; hover_button_t_color=\u00bb#0a0a0a\u00bb]<\/p>\n<p style=\"text-align: center;\"><span style=\"color: #000000;\"><strong>Qui\u00e9n<\/strong>:&nbsp; estudiantes de 1\u00ba E.S.O &#8211; 2\u00ba de Bach<\/span><\/p>\n<p style=\"text-align: center;\"><span style=\"color: #000000;\"><strong>Cu\u00e1ndo<\/strong>: domingos a las 19:00 horas y participaci\u00f3n en la misa 20:30<\/span><\/p>\n<p style=\"text-align: center;\"><span style=\"color: #000000;\">Los adolescentes de la parroquia se re\u00fanen para vivir juntos la fe y formarse en ella. A partir de 3\u00ba ESO incluye tambi\u00e9n la posibilidad de <strong>preparaci\u00f3n para el sacramento de la Confirmaci\u00f3n para el que lo necesite<\/strong>. Se les ofrece la posibilidad de participar en Ejercicios Espirituales, convivencias y campamentos de verano y participar en los cursos de afectividad<\/span><span style=\"color: #000000;\"><span style=\"color: #ff6600;\">.<\/span><\/span><\/p>\n<p style=\"text-align: center;\">&nbsp;<\/p>\n<p>[\/iconbox2][vc_empty_space height=\u00bb40px\u00bb][\/vc_column][\/vc_row][vc_row type=\u00bbfull-width-section\u00bb css=\u00bb.vc_custom_1567779744676{margin-bottom: 0px !important;border-top-width: 0px !important;border-bottom-width: 0px !important;padding-top: 40px !important;padding-bottom: 5px !important;background-color: #f9fafb !important;border-top-color: #ebebeb !important;border-top-style: solid !important;border-bottom-color: #ebebeb !important;border-bottom-style: solid !important;}\u00bb][vc_column width=\u00bb1\/3&#8243; css=\u00bb.vc_custom_1415776487379{padding-bottom: 40px;}\u00bb][iconbox2 type=\u00bbsimple\u00bb animation=\u00bbrda_fadeInUp\u00bb icon=\u00bbbk-pin-2&#8243; i_color=\u00bb#fab531&#8243; boxbg_color=\u00bb#ffffff\u00bb boxb_color=\u00bb#e7e7e7&#8243; title=\u00bbUNIVERSITARIOS\u00bb t_color=\u00bb#0a0a0a\u00bb change_hover=\u00bbyes\u00bb hover_i_color=\u00bb#fab531&#8243; hover_t_color=\u00bb#fab531&#8243; hover_button_t_color=\u00bb#0a0a0a\u00bb]<\/p>\n<p style=\"text-align: center;\"><span style=\"color: #000000;\"><strong>Qui\u00e9n<\/strong>:&nbsp; Universitarios<\/span><\/p>\n<p style=\"text-align: center;\"><span style=\"color: #000000;\"><strong>Cu\u00e1ndo<\/strong>: los mi\u00e9rcoles o jueves a las&nbsp; 21:00 horas seg\u00fan las edades <\/span><span style=\"color: #000000;\">(preguntar en secretaria)&nbsp;<\/span><\/p>\n<p style=\"text-align: center;\"><span style=\"color: #000000;\">Consistente en oraci\u00f3n, formaci\u00f3n, testimonios, convivencias, etc para seguir fortaleciendo su fe y discerniendo su vocaci\u00f3n, conociendo adem\u00e1s a otros j\u00f3venes con la misma inquietud de mantenerse cerca del Se\u00f1or.<\/span><\/p>\n<p>[\/iconbox2][vc_empty_space height=\u00bb50px\u00bb][\/vc_column][vc_column width=\u00bb1\/3&#8243; css=\u00bb.vc_custom_1415776493344{padding-bottom: 40px;}\u00bb][iconbox2 type=\u00bbsimple\u00bb animation=\u00bbrda_fadeInUp\u00bb icon=\u00bbbk-pin-2&#8243; i_color=\u00bb#fab531&#8243; boxbg_color=\u00bb#ffffff\u00bb boxb_color=\u00bb#e7e7e7&#8243; title=\u00bbJ\u00d3VENES PROFESIONALES Y NOVIOS\u00bb t_color=\u00bb#0a0a0a\u00bb change_hover=\u00bbyes\u00bb hover_i_color=\u00bb#fab531&#8243; hover_t_color=\u00bb#fab531&#8243; hover_button_t_color=\u00bb#0a0a0a\u00bb]<\/p>\n<p style=\"text-align: center;\"><span style=\"color: #000000;\"><strong>Qui\u00e9n<\/strong>:&nbsp; J\u00f3venes en sus primeros a\u00f1os profesionales.<\/span><\/p>\n<p style=\"text-align: center;\"><span style=\"color: #000000;\"><strong>Cu\u00e1ndo<\/strong>: Dos mi\u00e9rcoles a las 20:30.&nbsp;<\/span><\/p>\n<p style=\"text-align: center;\"><span style=\"color: #000000;\"><span style=\"font-weight: 400;\">Reuniones para madurar en la vida de fe acompa\u00f1ados por otros j\u00f3venes&nbsp; y ser luz en sus empresas o lugares de trabajo.<\/span><\/span><\/p>\n<p>[\/iconbox2][vc_empty_space height=\u00bb50px\u00bb][\/vc_column][vc_column width=\u00bb1\/3&#8243; css=\u00bb.vc_custom_1415776499757{padding-bottom: 40px;}\u00bb][iconbox2 type=\u00bbsimple\u00bb animation=\u00bbrda_fadeInUp\u00bb icon=\u00bbbk-pin-2&#8243; i_color=\u00bb#fab531&#8243; boxbg_color=\u00bb#ffffff\u00bb boxb_color=\u00bb#e7e7e7&#8243; title=\u00bbADULTOS\u00bb t_color=\u00bb#0a0a0a\u00bb button_text=\u00bbACCEDE A LOS MATERIALES\u00bb button_b_color=\u00bb#fab531&#8243; button_t_color=\u00bb#fab531&#8243; link=\u00bbhttp:\/\/stbc.es\/materiales\/\u00bb change_hover=\u00bbyes\u00bb hover_i_color=\u00bb#fab531&#8243; hover_t_color=\u00bb#fab531&#8243; hover_button_t_color=\u00bb#0a0a0a\u00bb]<\/p>\n<p style=\"text-align: center;\"><span style=\"color: #000000;\"><strong>Qui\u00e9n<\/strong>:&nbsp; Todas las edades<\/span><\/p>\n<p style=\"text-align: center;\"><span style=\"color: #000000;\"><strong>Cu\u00e1ndo<\/strong>: Un viernes al mes a partir de las 21:15 o, para matrimonios j\u00f3venes, un domingo al mes a las 12:30<\/span><\/p>\n<p style=\"text-align: center;\"><span style=\"color: #000000;\">Reuniones, dirigidas por un sacerdote, en las que se profundiza en distintos aspectos de la fe y en las que se comparten experiencias de vida con otros, ayudando a que nazcan aut\u00e9nticas amistades en el Se\u00f1or.<\/span><\/p>\n<p>[\/iconbox2][vc_empty_space height=\u00bb50px\u00bb][\/vc_column][\/vc_row][vc_row type=\u00bbfull-width-section\u00bb css=\u00bb.vc_custom_1567779752085{margin-bottom: 0px !important;border-top-width: 0px !important;border-bottom-width: 0px !important;padding-top: 40px !important;padding-bottom: 5px !important;background-color: #f9fafb !important;border-top-color: #ebebeb !important;border-top-style: solid !important;border-bottom-color: #ebebeb !important;border-bottom-style: solid !important;}\u00bb][vc_column width=\u00bb1\/3&#8243; css=\u00bb.vc_custom_1415776487379{padding-bottom: 40px;}\u00bb][iconbox2 type=\u00bbsimple\u00bb animation=\u00bbrda_fadeInUp\u00bb icon=\u00bbbk-pin-2&#8243; i_color=\u00bb#fab531&#8243; boxbg_color=\u00bb#ffffff\u00bb boxb_color=\u00bb#e7e7e7&#8243; title=\u00bbVIDA ASCENDENTE\u00bb t_color=\u00bb#0a0a0a\u00bb change_hover=\u00bbyes\u00bb hover_i_color=\u00bb#fab531&#8243; hover_t_color=\u00bb#fab531&#8243; hover_button_t_color=\u00bb#0a0a0a\u00bb]<\/p>\n<p style=\"text-align: center;\"><span style=\"color: #000000;\"><strong>Qui\u00e9n<\/strong>:&nbsp;Adultos de mayor edad<\/span><\/p>\n<p style=\"text-align: center;\"><span style=\"color: #000000;\"><strong>Cu\u00e1ndo<\/strong>: Martes de 10:30 a 11:30<\/span><\/p>\n<p style=\"text-align: center;\"><span style=\"font-weight: 400; color: #000000;\">Reuniones para profundizar en la fe, acrecentar la esperanza, compartir las vivencias e impulsar a los m\u00e1s mayores a mantener, desde su experiencia, una participaci\u00f3n activa en la misi\u00f3n de la Iglesia.<\/span><\/p>\n<p>[\/iconbox2][\/vc_column][vc_column width=\u00bb1\/3&#8243; css=\u00bb.vc_custom_1415776493344{padding-bottom: 40px;}\u00bb][iconbox2 type=\u00bbsimple\u00bb animation=\u00bbrda_fadeInUp\u00bb icon=\u00bbbk-pin-2&#8243; i_color=\u00bb#fab531&#8243; boxbg_color=\u00bb#ffffff\u00bb boxb_color=\u00bb#e7e7e7&#8243; title=\u00bb\u00bb t_color=\u00bb#0a0a0a\u00bb change_hover=\u00bbyes\u00bb hover_i_color=\u00bb#fab531&#8243; hover_t_color=\u00bb#fab531&#8243; hover_button_t_color=\u00bb#0a0a0a\u00bb hover_button_b_color=\u00bb#fab531&#8243;][\/iconbox2][\/vc_column][vc_column width=\u00bb1\/3&#8243; css=\u00bb.vc_custom_1415776499757{padding-bottom: 40px;}\u00bb][iconbox2 type=\u00bbsimple\u00bb animation=\u00bbrda_fadeInUp\u00bb icon=\u00bbbk-pin-2&#8243; i_color=\u00bb#fab531&#8243; boxbg_color=\u00bb#ffffff\u00bb boxb_color=\u00bb#e7e7e7&#8243; title=\u00bb\u00bb t_color=\u00bb#0a0a0a\u00bb change_hover=\u00bbyes\u00bb hover_i_color=\u00bb#fab531&#8243; hover_t_color=\u00bb#fab531&#8243; hover_button_t_color=\u00bb#0a0a0a\u00bb][\/iconbox2][\/vc_column][\/vc_row][vc_row][vc_column][vc_custom_heading text=\u00bbOTROS GRUPOS Y ACTIVIDADES QUE PODR\u00cdAN INTERESARTE\u00bb font_container=\u00bbtag:h2|font_size:20|text_align:center|color:%232c3e50&#8243; google_fonts=\u00bbfont_family:Lato%3A100%2C100italic%2C300%2C300italic%2Cregular%2Citalic%2C700%2C700italic%2C900%2C900italic|font_style:900%20bold%20regular%3A900%3Anormal\u00bb css=\u00bb.vc_custom_1567592970016{margin-top: 35px !important;margin-bottom: 10px !important;}\u00bb el_class=\u00bbletterspacing-2-5&#8243;][\/vc_column][\/vc_row][vc_row type=\u00bbfull-width-section\u00bb css=\u00bb.vc_custom_1561997558499{margin-bottom: 0px !important;border-top-width: 1px !important;border-bottom-width: 1px !important;padding-top: 79px !important;padding-bottom: 11px !important;background-color: #f9fafb !important;border-top-color: #ebebeb !important;border-top-style: solid !important;border-bottom-color: #ebebeb !important;border-bottom-style: solid !important;}\u00bb][vc_column width=\u00bb1\/3&#8243; css=\u00bb.vc_custom_1415776487379{padding-bottom: 40px;}\u00bb][iconbox2 type=\u00bbsimple\u00bb animation=\u00bbrda_fadeInUp\u00bb icon=\u00bbbk-pin-2&#8243; i_color=\u00bb#fab531&#8243; boxbg_color=\u00bb#ffffff\u00bb boxb_color=\u00bb#e7e7e7&#8243; title=\u00bbMONAGUILLOS\u00bb t_color=\u00bb#0a0a0a\u00bb change_hover=\u00bbyes\u00bb hover_i_color=\u00bb#fab531&#8243; hover_t_color=\u00bb#fab531&#8243; hover_button_t_color=\u00bb#0a0a0a\u00bb]<\/p>\n<p style=\"text-align: center;\"><span style=\"color: #000000;\"><strong>Qui\u00e9n<\/strong>:&nbsp; ni\u00f1os de 7 a 14 a\u00f1os<\/span><\/p>\n<p style=\"text-align: center;\"><span style=\"color: #000000;\"><strong>Cu\u00e1ndo<\/strong>: Un s\u00e1bado por la tarde al mes<\/span><\/p>\n<p style=\"text-align: center;\"><span style=\"font-weight: 400; color: #000000;\">Su objetivo es que los ni\u00f1os crezcan en su amor al Se\u00f1or y que se formen juntos en el precioso servicio de servir a Jes\u00fas en el altar. Adem\u00e1s, se lo pasan en grande con juegos y actividades.<\/span><\/p>\n<p>[\/iconbox2][vc_empty_space height=\u00bb50px\u00bb][\/vc_column][vc_column width=\u00bb1\/3&#8243; css=\u00bb.vc_custom_1415776493344{padding-bottom: 40px;}\u00bb][iconbox2 type=\u00bbsimple\u00bb animation=\u00bbrda_fadeInUp\u00bb icon=\u00bbbk-pin-2&#8243; i_color=\u00bb#fab531&#8243; boxbg_color=\u00bb#ffffff\u00bb boxb_color=\u00bb#e7e7e7&#8243; title=\u00bbPROFESIONALES\u00bb t_color=\u00bb#0a0a0a\u00bb change_hover=\u00bbyes\u00bb hover_i_color=\u00bb#fab531&#8243; hover_t_color=\u00bb#fab531&#8243; hover_button_t_color=\u00bb#0a0a0a\u00bb]<\/p>\n<p style=\"text-align: center;\"><span style=\"color: #000000;\"><strong>Qui\u00e9n<\/strong>:&nbsp; Profesionales (cada a\u00f1o una profesi\u00f3n)<\/span><\/p>\n<p style=\"text-align: center;\"><span style=\"color: #000000;\"><strong>Cu\u00e1ndo<\/strong>:&nbsp;Un martes al trimestre de 20:30 a 21:30<\/span><\/p>\n<p style=\"text-align: center;\"><span style=\"color: #000000;\">Su objetivo es reflexionar sobre como vivir la Fe y actuar de acuerdo a ella desde<br \/>\nsu actividad profesional, conociendo a compa\u00f1eros de profesi\u00f3n que comparten esa misma inquietud.<\/span><\/p>\n<p>[\/iconbox2][vc_empty_space height=\u00bb50px\u00bb][\/vc_column][vc_column width=\u00bb1\/3&#8243; css=\u00bb.vc_custom_1415776499757{padding-bottom: 40px;}\u00bb][iconbox2 type=\u00bbsimple\u00bb animation=\u00bbrda_fadeInUp\u00bb icon=\u00bbbk-pin-2&#8243; i_color=\u00bb#fab531&#8243; boxbg_color=\u00bb#ffffff\u00bb boxb_color=\u00bb#e7e7e7&#8243; title=\u00bbGRUPO DE LITURGIA\u00bb t_color=\u00bb#0a0a0a\u00bb change_hover=\u00bbyes\u00bb hover_i_color=\u00bb#fab531&#8243; hover_t_color=\u00bb#fab531&#8243; hover_button_t_color=\u00bb#0a0a0a\u00bb]<\/p>\n<p style=\"text-align: center;\"><span style=\"color: #000000;\"><strong>Qui\u00e9n<\/strong>:&nbsp; Adultos<\/span><\/p>\n<p style=\"text-align: center;\"><span style=\"color: #000000;\"><strong>Cuando:&nbsp;<\/strong>Una vez al mes a las 20:30<\/span><\/p>\n<p style=\"text-align: center;\"><span style=\"color: #000000;\">Su objetivo es&nbsp;el conocimiento de la liturgia para vivir mejor&nbsp; las celebraciones lit\u00fargicas en especial la Eucarist\u00eda. Tambi\u00e9n, se dedica a colaborar y organizar las celebraciones de la Parroquia.<\/span><\/p>\n<p>[\/iconbox2][vc_empty_space height=\u00bb50px\u00bb][\/vc_column][\/vc_row][vc_row css=\u00bb.vc_custom_1561994440672{margin-top: 0px !important;border-top-width: 0px !important;padding-top: 0px !important;}\u00bb][vc_column][vc_empty_space height=\u00bb22px\u00bb][vc_column_text]<\/p>\n<p style=\"text-align: center;\"><span style=\"color: #000000;\">Para apuntarte a alguno de los grupos o para recibir informaci\u00f3n puedes mandar un mail a la Parroquia stbc.parroquia@gmail.com o llamar al tel\u00e9fono 91 376 34 79 en horario de despacho parroquial.<\/span><\/p>\n<p>[\/vc_column_text][vc_custom_heading text=\u00bbHORARIO DEL DESPACHO PARROQUIAL\u00bb font_container=\u00bbtag:h2|font_size:14|text_align:center\u00bb google_fonts=\u00bbfont_family:Lato%3A100%2C100italic%2C300%2C300italic%2Cregular%2Citalic%2C700%2C700italic%2C900%2C900italic|font_style:900%20bold%20regular%3A900%3Anormal\u00bb css=\u00bb.vc_custom_1550846361980{margin-bottom: 0px !important;}\u00bb][vc_column_text css=\u00bb.vc_custom_1632070487424{margin-bottom: 11px !important;}\u00bb]<\/p>\n<p style=\"text-align: center;\"><span style=\"color: #000000;\">Laborables: 10:30 a 12:30 \/ 18:00 a 20:00<\/span><\/p>\n<p>[\/vc_column_text][vc_empty_space][button t_color=\u00bb#ffffff\u00bb b_color=\u00bb#fcb614&#8243; b_hover_color=\u00bb#a1b1bc\u00bb url=\u00bbhttp:\/\/stbc.es\/contacto-2\/\u00bb position=\u00bbta_center\u00bb]CONTACTAR[\/button][\/vc_column][\/vc_row]<\/p>\n","protected":false},"excerpt":{"rendered":"<p>[vc_row css=\u00bb.vc_custom_1567672320637{margin-top: 25px !important;border-top-width: 0px !important;padding-top: 0px !important;}\u00bb][vc_column css=\u00bb.vc_custom_1567592960884{margin-top: 0px !important;border-top-width: 0px !important;padding-top: 0px !important;}\u00bb][vc_custom_heading text=\u00bbEN LA PARROQUIA PODR\u00c1S FORMARTE EN LA FE DE FORMA CONTINUADA YA QUE CONTAMOS CON GRUPOS PARA TODAS LAS EDADES\u00bb font_container=\u00bbtag:h2|font_size:20|text_align:center|color:%232c3e50&#8243; google_fonts=\u00bbfont_family:Lato%3A100%2C100italic%2C300%2C300italic%2Cregular%2Citalic%2C700%2C700italic%2C900%2C900italic|font_style:900%20bold%20regular%3A900%3Anormal\u00bb css=\u00bb.vc_custom_1568624643388{margin-bottom: 18px !important;}\u00bb el_class=\u00bbletterspacing-2-5&#8243;][\/vc_column][\/vc_row][vc_row type=\u00bbfull-width-section\u00bb css=\u00bb.vc_custom_1567779679203{margin-bottom: 0px !important;border-top-width: 1px !important;border-bottom-width: 0px !important;padding-top: 79px !important;padding-bottom: 0px !important;background-color: #f9fafb !important;border-top-color: [&hellip;]<\/p>\n","protected":false},"author":5,"featured_media":0,"parent":0,"menu_order":31,"comment_status":"closed","ping_status":"closed","template":"","meta":{"footnotes":""},"class_list":["post-9822","page","type-page","status-publish","hentry"],"_links":{"self":[{"href":"https:\/\/edithstein.archimadrid.es\/index.php?rest_route=\/wp\/v2\/pages\/9822","targetHints":{"allow":["GET"]}}],"collection":[{"href":"https:\/\/edithstein.archimadrid.es\/index.php?rest_route=\/wp\/v2\/pages"}],"about":[{"href":"https:\/\/edithstein.archimadrid.es\/index.php?rest_route=\/wp\/v2\/types\/page"}],"author":[{"embeddable":true,"href":"https:\/\/edithstein.archimadrid.es\/index.php?rest_route=\/wp\/v2\/users\/5"}],"replies":[{"embeddable":true,"href":"https:\/\/edithstein.archimadrid.es\/index.php?rest_route=%2Fwp%2Fv2%2Fcomments&post=9822"}],"version-history":[{"count":0,"href":"https:\/\/edithstein.archimadrid.es\/index.php?rest_route=\/wp\/v2\/pages\/9822\/revisions"}],"wp:attachment":[{"href":"https:\/\/edithstein.archimadrid.es\/index.php?rest_route=%2Fwp%2Fv2%2Fmedia&parent=9822"}],"curies":[{"name":"wp","href":"https:\/\/api.w.org\/{rel}","templated":true}]}}