{"id":9814,"date":"2019-09-12T09:49:40","date_gmt":"2019-09-12T09:49:40","guid":{"rendered":"http:\/\/stbc.es\/?page_id=9814"},"modified":"2019-09-12T09:49:40","modified_gmt":"2019-09-12T09:49:40","slug":"sacramentos-2","status":"publish","type":"page","link":"https:\/\/edithstein.archimadrid.es\/?page_id=9814","title":{"rendered":"SACRAMENTOS"},"content":{"rendered":"<p>[vc_row css=\u00bb.vc_custom_1552948487140{margin-bottom: 0px !important;padding-top: 89px !important;padding-bottom: 20px !important;}\u00bb parallax_background=\u00bb\u00bb][vc_column width=\u00bb1\/3&#8243; css=\u00bb.vc_custom_1563285796106{margin-bottom: 15px !important;border-top-width: 1px !important;border-right-width: 1px !important;border-bottom-width: 1px !important;border-left-width: 1px !important;border-left-color: #ededed !important;border-left-style: solid !important;border-right-color: #ededed !important;border-right-style: solid !important;border-top-color: #ededed !important;border-top-style: solid !important;border-bottom-color: #ededed !important;border-bottom-style: solid !important;}\u00bb][vc_single_image image=\u00bb10055&#8243; img_size=\u00bbfull\u00bb][vc_row_inner css=\u00bb.vc_custom_1562885765003{padding-top: 5px !important;padding-right: 25px !important;padding-bottom: 5px !important;padding-left: 25px !important;}\u00bb][vc_column_inner css=\u00bb.vc_custom_1562886133627{margin-bottom: 0px !important;padding-bottom: 0px !important;}\u00bb][vc_custom_heading text=\u00bbSACRAMENTO DEL BAUTISMO\u00bb font_container=\u00bbtag:h2|font_size:20|text_align:left\u00bb google_fonts=\u00bbfont_family:Lato%3A100%2C100italic%2C300%2C300italic%2Cregular%2Citalic%2C700%2C700italic%2C900%2C900italic|font_style:900%20bold%20regular%3A900%3Anormal\u00bb css=\u00bb.vc_custom_1567414222337{margin-bottom: 17px !important;}\u00bb el_class=\u00bbletterspacing-2&#8243;][vc_column_text css=\u00bb.vc_custom_1761847989137{margin-bottom: 25px !important;}\u00bb]<span style=\"color: #000000;\">Los bautizos en la Parroquia se celebran los s\u00e1bados a las 12:30h. Si hay necesidad de hacerlo fuera de este horario se puede consultar en secretaria. Es conveniente avisar al menos con un mes de antelaci\u00f3n.<\/span><\/p>\n<p><span style=\"color: #000000;\">Previamente los padres y padrinos deben asistir a una reuni\u00f3n que tendr\u00e1 lugar el \u00faltimo s\u00e1bado de cada mes de 12:00 a 13:00 horas.<\/span>[\/vc_column_text][\/vc_column_inner][\/vc_row_inner][\/vc_column][vc_column width=\u00bb1\/3&#8243; css=\u00bb.vc_custom_1563285806187{margin-bottom: 15px !important;border-top-width: 1px !important;border-right-width: 1px !important;border-bottom-width: 1px !important;border-left-width: 1px !important;border-left-color: #ededed !important;border-left-style: solid !important;border-right-color: #ededed !important;border-right-style: solid !important;border-top-color: #ededed !important;border-top-style: solid !important;border-bottom-color: #ededed !important;border-bottom-style: solid !important;}\u00bb][vc_single_image image=\u00bb10228&#8243; img_size=\u00bbfull\u00bb][vc_row_inner css=\u00bb.vc_custom_1562886013802{padding-top: 5px !important;padding-right: 25px !important;padding-bottom: 5px !important;padding-left: 25px !important;}\u00bb][vc_column_inner][vc_custom_heading text=\u00bbPRIMERA COMUNI\u00d3N\u00bb font_container=\u00bbtag:h2|font_size:20|text_align:left\u00bb google_fonts=\u00bbfont_family:Lato%3A100%2C100italic%2C300%2C300italic%2Cregular%2Citalic%2C700%2C700italic%2C900%2C900italic|font_style:900%20bold%20regular%3A900%3Anormal\u00bb css=\u00bb.vc_custom_1567414424027{margin-bottom: 17px !important;}\u00bb el_class=\u00bbletterspacing-2&#8243;][vc_column_text css=\u00bb.vc_custom_1761848261581{margin-bottom: 25px !important;}\u00bb]<span style=\"color: #000000;\">La preparaci\u00f3n para la primera comuni\u00f3n empieza en 2\u00ba E.P y dura tres cursos.&nbsp;<\/span><\/p>\n<p>Los d\u00edas de catequesis son Lunes, Martes y Mi\u00e9rcoles <span style=\"color: #000000;\">de 18:00 a 19:00 horas. Los padres pueden elegir el d\u00eda que m\u00e1s les convenga.<\/span><\/p>\n<p>&nbsp;[\/vc_column_text][\/vc_column_inner][\/vc_row_inner][\/vc_column][vc_column width=\u00bb1\/3&#8243; css=\u00bb.vc_custom_1563285814287{margin-bottom: 15px !important;border-top-width: 1px !important;border-right-width: 1px !important;border-bottom-width: 1px !important;border-left-width: 1px !important;border-left-color: #ededed !important;border-left-style: solid !important;border-right-color: #ededed !important;border-right-style: solid !important;border-top-color: #ededed !important;border-top-style: solid !important;border-bottom-color: #ededed !important;border-bottom-style: solid !important;}\u00bb][vc_single_image image=\u00bb10057&#8243; img_size=\u00bbfull\u00bb][vc_row_inner css=\u00bb.vc_custom_1562886013802{padding-top: 5px !important;padding-right: 25px !important;padding-bottom: 5px !important;padding-left: 25px !important;}\u00bb][vc_column_inner][vc_custom_heading text=\u00bbCONFESIONES\u00bb font_container=\u00bbtag:h2|font_size:20|text_align:left\u00bb google_fonts=\u00bbfont_family:Lato%3A100%2C100italic%2C300%2C300italic%2Cregular%2Citalic%2C700%2C700italic%2C900%2C900italic|font_style:900%20bold%20regular%3A900%3Anormal\u00bb css=\u00bb.vc_custom_1583447142864{margin-bottom: 17px !important;}\u00bb el_class=\u00bbletterspacing-2&#8243;][vc_column_text css=\u00bb.vc_custom_1761848307509{margin-bottom: 25px !important;}\u00bb]<span style=\"color: #000000;\">El horario de confesiones es:&nbsp;<\/span><\/p>\n<p><span style=\"color: #000000;\"><strong>Laborables:<\/strong>9.30-10.30 y 19.00-20.30<\/span><\/p>\n<p><span style=\"color: #000000;\"><strong>S\u00e1bados:<\/strong>&nbsp;9.30-12.00 y 19.00-20.30<\/span><\/p>\n<p><span style=\"color: #000000;\"><strong>Domingos:<\/strong> 9.30-13.30 y 18.30-21.30<\/span>[\/vc_column_text][button t_color=&quot;#ffffff&quot; b_color=&quot;#fcb614&quot; b_hover_color=&quot;#a1b1bc&quot; url=&quot;http:\/\/stbc.es\/wp-content\/uploads\/2020\/06\/Examen-de-conciencia-general.pdf&quot; target=&quot;yes&quot; position=&quot;ta_center&quot;]EXAMEN DE CONCIENCIA GENERAL[\/button][vc_empty_space height=&quot;10px&quot;][button t_color=&quot;#ffffff&quot; b_color=&quot;#fcb614&quot; b_hover_color=&quot;#a1b1bc&quot; url=&quot;https:\/\/edithstein.archimadrid.es\/wp-content\/uploads\/2022\/09\/EC-pecados-capitales-1.pdf&quot; target=&quot;yes&quot; position=&quot;ta_center&quot;]EX. DE CONCIENCIA PECADOS CAPITALES[\/button][\/vc_column_inner][\/vc_row_inner][\/vc_column][\/vc_row][vc_row css=&quot;.vc_custom_1561994498596{margin-bottom: 0px !important;border-bottom-width: 0px !important;padding-top: 20px !important;padding-bottom: 0px !important;}&quot; parallax_background=&quot;&quot;][vc_column width=&quot;1\/3&quot; css=&quot;.vc_custom_1563285831752{margin-bottom: 15px !important;border-top-width: 1px !important;border-right-width: 1px !important;border-bottom-width: 1px !important;border-left-width: 1px !important;border-left-color: #ededed !important;border-left-style: solid !important;border-right-color: #ededed !important;border-right-style: solid !important;border-top-color: #ededed !important;border-top-style: solid !important;border-bottom-color: #ededed !important;border-bottom-style: solid !important;}&quot;][vc_single_image image=&quot;10053&quot; img_size=&quot;full&quot;][vc_row_inner css=&quot;.vc_custom_1562886013802{padding-top: 5px !important;padding-right: 25px !important;padding-bottom: 5px !important;padding-left: 25px !important;}&quot;][vc_column_inner][vc_custom_heading text=&quot;ADORACI\u00d3N EUCAR\u00cdSTICA&quot; font_container=&quot;tag:h2|font_size:20|text_align:left&quot; google_fonts=&quot;font_family:Lato%3A100%2C100italic%2C300%2C300italic%2Cregular%2Citalic%2C700%2C700italic%2C900%2C900italic|font_style:900%20bold%20regular%3A900%3Anormal&quot; css=&quot;.vc_custom_1567414439839{margin-bottom: 17px !important;}&quot; el_class=&quot;letterspacing-2&quot;][vc_column_text css=&quot;.vc_custom_1761848599599{margin-bottom: 25px !important;}&quot;]<span style=\"color: #000000;\"><strong>Adoraci\u00f3n Prolongada&nbsp;&nbsp;<\/strong><\/span><br \/>\n<span style=\"color: #000000;\">\u2022 Jueves de 10:30 a 19:50 horas (Turnos de media hora)<\/span><\/p>\n<p><span style=\"color: #000000;\"><strong>Hora Santa&nbsp;<\/strong><\/span><br \/>\n<span style=\"color: #000000;\">\u2022 Lunes de 20:30 a 21:30 horas.&nbsp;<\/span><span style=\"color: #000000;\">Momentos de adoraci\u00f3n al Sant\u00edsimo acompa\u00f1ados con cantos del coro y textos para la meditaci\u00f3n.<\/span><\/p>\n<p><span style=\"color: #000000;\"><strong>Alabanza Carism\u00e1tica<\/strong><\/span><\/p>\n<p><span style=\"color: #000000;\">\u2022 Martes de 20:30 a 22:00 horas.<\/span><\/p>\n<p><span style=\"color: #000000;\"><strong>Hora Santa de Hakuna<\/strong><\/span><\/p>\n<p><span style=\"color: #000000;\">\u2022 Jueves de 21:30 a 22:15 horas.<\/span><\/p>\n<p><span style=\"color: #000000;\"><strong>Adoraci\u00f3n Nocturna <\/strong><\/span><br \/>\n<span style=\"color: #000000;\">\u2022 2\u00ba viernes de mes a las 21:00 horas<\/span>[\/vc_column_text][\/vc_column_inner][\/vc_row_inner][\/vc_column][vc_column width=\u00bb1\/3&#8243; css=\u00bb.vc_custom_1563285840610{margin-bottom: 15px !important;border-top-width: 1px !important;border-right-width: 1px !important;border-bottom-width: 1px !important;border-left-width: 1px !important;border-left-color: #ededed !important;border-left-style: solid !important;border-right-color: #ededed !important;border-right-style: solid !important;border-top-color: #ededed !important;border-top-style: solid !important;border-bottom-color: #ededed !important;border-bottom-style: solid !important;}\u00bb][vc_single_image image=\u00bb10054&#8243; img_size=\u00bbfull\u00bb][vc_row_inner css=\u00bb.vc_custom_1562886013802{padding-top: 5px !important;padding-right: 25px !important;padding-bottom: 5px !important;padding-left: 25px !important;}\u00bb][vc_column_inner][vc_custom_heading text=\u00bbCONFIRMACI\u00d3N\u00bb font_container=\u00bbtag:h2|font_size:20|text_align:left\u00bb google_fonts=\u00bbfont_family:Lato%3A100%2C100italic%2C300%2C300italic%2Cregular%2Citalic%2C700%2C700italic%2C900%2C900italic|font_style:900%20bold%20regular%3A900%3Anormal\u00bb css=\u00bb.vc_custom_1567414447377{margin-bottom: 17px !important;}\u00bb el_class=\u00bbletterspacing-2&#8243;][vc_column_text css=\u00bb.vc_custom_1761848827040{margin-bottom: 25px !important;}\u00bb]<span style=\"color: #000000;\"><strong>J\u00f3venes<\/strong><\/span><\/p>\n<p><span style=\"color: #000000;\">La catequesis de preparaci\u00f3n para recibir la Confirmaci\u00f3n se imparte los domingos de 19:00 a 20:15 horas.<\/span><\/p>\n<p><span style=\"color: #000000;\">\u2022 1\u00ba A\u00f1o (3\u00ba E.S.O.)<\/span><br \/>\n<span style=\"color: #000000;\">\u2022 2\u00ba a\u00f1o (4\u00ba E.S.O.)<\/span><br \/>\n<span style=\"color: #000000;\">\u2022 3\u00ba A\u00f1o (1\u00ba Bach)<\/span><\/p>\n<p><span style=\"color: #000000;\"><strong>Adultos<\/strong><\/span><br \/>\n<span style=\"color: #000000;\">\u2022 Todos los a\u00f1os ofrecemos un curso de preparaci\u00f3n para adultos que no hayan recibido antes el sacramento. Los interesados pueden preguntar en la secretaria de la parroquia.<\/span>[\/vc_column_text][\/vc_column_inner][\/vc_row_inner][\/vc_column][vc_column width=\u00bb1\/3&#8243; css=\u00bb.vc_custom_1563285849075{margin-bottom: 15px !important;border-top-width: 1px !important;border-right-width: 1px !important;border-bottom-width: 1px !important;border-left-width: 1px !important;border-left-color: #ededed !important;border-left-style: solid !important;border-right-color: #ededed !important;border-right-style: solid !important;border-top-color: #ededed !important;border-top-style: solid !important;border-bottom-color: #ededed !important;border-bottom-style: solid !important;}\u00bb][vc_single_image image=\u00bb10056&#8243; img_size=\u00bbfull\u00bb][vc_row_inner css=\u00bb.vc_custom_1562886013802{padding-top: 5px !important;padding-right: 25px !important;padding-bottom: 5px !important;padding-left: 25px !important;}\u00bb][vc_column_inner][vc_custom_heading text=\u00bbSACRAMENTO DEL MATRIMONIO\u00bb font_container=\u00bbtag:h2|font_size:20|text_align:left\u00bb google_fonts=\u00bbfont_family:Lato%3A100%2C100italic%2C300%2C300italic%2Cregular%2Citalic%2C700%2C700italic%2C900%2C900italic|font_style:900%20bold%20regular%3A900%3Anormal\u00bb css=\u00bb.vc_custom_1567414461196{margin-bottom: 17px !important;}\u00bb el_class=\u00bbletterspacing-2&#8243;][vc_column_text css=\u00bb.vc_custom_1633019141660{margin-bottom: 25px !important;}\u00bb]<span style=\"color: #000000;\">Para celebrar la boda en la Parroquia preguntar en el despacho parroquial o a los sacerdotes.<\/span>[\/vc_column_text][button t_color=\u00bb#ffffff\u00bb b_color=\u00bb#fcb614&#8243; b_hover_color=\u00bb#a1b1bc\u00bb url=\u00bbhttp:\/\/stbc.es\/matrimonios\/\u00bb position=\u00bbta_center\u00bb]M\u00c1S INFORMACI\u00d3N[\/button][\/vc_column_inner][\/vc_row_inner][\/vc_column][\/vc_row][vc_row css=\u00bb.vc_custom_1561994498596{margin-bottom: 0px !important;border-bottom-width: 0px !important;padding-top: 20px !important;padding-bottom: 0px !important;}\u00bb parallax_background=\u00bb\u00bb][vc_column css=\u00bb.vc_custom_1563285831752{margin-bottom: 15px !important;border-top-width: 1px !important;border-right-width: 1px !important;border-bottom-width: 1px !important;border-left-width: 1px !important;border-left-color: #ededed !important;border-left-style: solid !important;border-right-color: #ededed !important;border-right-style: solid !important;border-top-color: #ededed !important;border-top-style: solid !important;border-bottom-color: #ededed !important;border-bottom-style: solid !important;}\u00bb][vc_row_inner css=\u00bb.vc_custom_1562886013802{padding-top: 5px !important;padding-right: 25px !important;padding-bottom: 5px !important;padding-left: 25px !important;}\u00bb][vc_column_inner css=\u00bb.vc_custom_1583447030696{margin-bottom: 0px !important;border-bottom-width: 0px !important;padding-bottom: 0px !important;}\u00bb][vc_custom_heading text=\u00bbCOMUNI\u00d3N A LOS ENFERMOS Y UNCI\u00d3N DE ENFERMOS\u00bb font_container=\u00bbtag:h2|font_size:20|text_align:center\u00bb google_fonts=\u00bbfont_family:Lato%3A100%2C100italic%2C300%2C300italic%2Cregular%2Citalic%2C700%2C700italic%2C900%2C900italic|font_style:900%20bold%20regular%3A900%3Anormal\u00bb css=\u00bb.vc_custom_1583447103602{margin-top: 10px !important;margin-bottom: 7px !important;}\u00bb el_class=\u00bbletterspacing-2&#8243;][vc_column_text css=\u00bb.vc_custom_1583447074553{margin-bottom: 0px !important;}\u00bb]<\/p>\n<p style=\"text-align: center;\"><span style=\"color: #000000;\">Todo el que necesite recibir la Comuni\u00f3n en su casa o la Unci\u00f3n de los enfermos puede contactar con la Parroquia para poder recibirla.<\/span><\/p>\n<p>[\/vc_column_text][\/vc_column_inner][\/vc_row_inner][\/vc_column][\/vc_row][vc_row css=\u00bb.vc_custom_1561994440672{margin-top: 0px !important;border-top-width: 0px !important;padding-top: 0px !important;}\u00bb][vc_column][vc_empty_space height=\u00bb12px\u00bb][rd_line color=\u00bb#000000&#8243;][vc_empty_space height=\u00bb12px\u00bb][vc_column_text css=\u00bb\u00bb]<\/p>\n<p style=\"text-align: center;\"><span style=\"color: #000000;\">Para recibir alguno de los Sacramentos, apuntarte a los cursos o informarte sobre c\u00f3mo realizar los tr\u00e1mites para contraer matrimonio puedes mandar un mail a la Parroquia stbc.parroquia@gmail.com o llamar al tel\u00e9fono 91 612 62 91 en horario de despacho parroquial.<\/span><\/p>\n<p>[\/vc_column_text][vc_custom_heading text=\u00bbHORARIO DEL DESPACHO PARROQUIAL\u00bb font_container=\u00bbtag:h2|font_size:14|text_align:center\u00bb google_fonts=\u00bbfont_family:Lato%3A100%2C100italic%2C300%2C300italic%2Cregular%2Citalic%2C700%2C700italic%2C900%2C900italic|font_style:900%20bold%20regular%3A900%3Anormal\u00bb css=\u00bb.vc_custom_1550846361980{margin-bottom: 0px !important;}\u00bb][vc_column_text css=\u00bb.vc_custom_1761849313562{margin-bottom: 11px !important;}\u00bb]<\/p>\n<p style=\"text-align: center;\"><span style=\"color: #000000;\">De Lunes a Viernes : 10:30 a 12:30 \/ 18:00 a 20:00<\/span><\/p>\n<p>[\/vc_column_text][vc_empty_space][button t_color=\u00bb#ffffff\u00bb b_color=\u00bb#fcb614&#8243; b_hover_color=\u00bb#a1b1bc\u00bb url=\u00bbhttp:\/\/stbc.es\/contacto-2\/\u00bb position=\u00bbta_center\u00bb]CONTACTAR[\/button][\/vc_column][\/vc_row]<\/p>\n","protected":false},"excerpt":{"rendered":"<p>[vc_row css=\u00bb.vc_custom_1552948487140{margin-bottom: 0px !important;padding-top: 89px !important;padding-bottom: 20px !important;}\u00bb parallax_background=\u00bb\u00bb][vc_column width=\u00bb1\/3&#8243; css=\u00bb.vc_custom_1563285796106{margin-bottom: 15px !important;border-top-width: 1px !important;border-right-width: 1px !important;border-bottom-width: 1px !important;border-left-width: 1px !important;border-left-color: #ededed !important;border-left-style: solid !important;border-right-color: #ededed !important;border-right-style: solid !important;border-top-color: #ededed !important;border-top-style: solid !important;border-bottom-color: #ededed !important;border-bottom-style: solid !important;}\u00bb][vc_single_image image=\u00bb10055&#8243; img_size=\u00bbfull\u00bb][vc_row_inner css=\u00bb.vc_custom_1562885765003{padding-top: 5px !important;padding-right: 25px !important;padding-bottom: 5px !important;padding-left: 25px !important;}\u00bb][vc_column_inner css=\u00bb.vc_custom_1562886133627{margin-bottom: 0px !important;padding-bottom: 0px !important;}\u00bb][vc_custom_heading text=\u00bbSACRAMENTO DEL [&hellip;]<\/p>\n","protected":false},"author":5,"featured_media":0,"parent":0,"menu_order":62,"comment_status":"closed","ping_status":"closed","template":"","meta":{"footnotes":""},"class_list":["post-9814","page","type-page","status-publish","hentry"],"_links":{"self":[{"href":"https:\/\/edithstein.archimadrid.es\/index.php?rest_route=\/wp\/v2\/pages\/9814","targetHints":{"allow":["GET"]}}],"collection":[{"href":"https:\/\/edithstein.archimadrid.es\/index.php?rest_route=\/wp\/v2\/pages"}],"about":[{"href":"https:\/\/edithstein.archimadrid.es\/index.php?rest_route=\/wp\/v2\/types\/page"}],"author":[{"embeddable":true,"href":"https:\/\/edithstein.archimadrid.es\/index.php?rest_route=\/wp\/v2\/users\/5"}],"replies":[{"embeddable":true,"href":"https:\/\/edithstein.archimadrid.es\/index.php?rest_route=%2Fwp%2Fv2%2Fcomments&post=9814"}],"version-history":[{"count":0,"href":"https:\/\/edithstein.archimadrid.es\/index.php?rest_route=\/wp\/v2\/pages\/9814\/revisions"}],"wp:attachment":[{"href":"https:\/\/edithstein.archimadrid.es\/index.php?rest_route=%2Fwp%2Fv2%2Fmedia&parent=9814"}],"curies":[{"name":"wp","href":"https:\/\/api.w.org\/{rel}","templated":true}]}}