{"id":9796,"date":"2019-09-11T10:00:26","date_gmt":"2019-09-11T10:00:26","guid":{"rendered":"http:\/\/stbc.es\/?page_id=9796"},"modified":"2019-09-11T10:00:26","modified_gmt":"2019-09-11T10:00:26","slug":"parroquia","status":"publish","type":"page","link":"https:\/\/edithstein.archimadrid.es\/?page_id=9796","title":{"rendered":"PARROQUIA"},"content":{"rendered":"<p>[vc_row type=\u00bbfull-width-section\u00bb css=\u00bb.vc_custom_1550846679412{margin-bottom: 0px !important;border-top-width: 1px !important;border-bottom-width: 1px !important;padding-top: 22px !important;padding-bottom: 0px !important;background-color: #f9fafb !important;border-top-color: #ebebeb !important;border-top-style: solid !important;border-bottom-color: #ebebeb !important;border-bottom-style: solid !important;}\u00bb parallax_background=\u00bb\u00bb][vc_column css=\u00bb.vc_custom_1550846529990{margin-bottom: 0px !important;border-bottom-width: 0px !important;padding-bottom: 0px !important;}\u00bb][vc_custom_heading text=\u00bbCONOCE A NUESTROS SACERDOTES\u00bb font_container=\u00bbtag:h2|font_size:30|text_align:left\u00bb google_fonts=\u00bbfont_family:Lato%3A100%2C100italic%2C300%2C300italic%2Cregular%2Citalic%2C700%2C700italic%2C900%2C900italic|font_style:900%20bold%20regular%3A900%3Anormal\u00bb css=\u00bb.vc_custom_1550846502222{margin-bottom: 17px !important;}\u00bb el_class=\u00bbletterspacing-2&#8243;][vc_row_inner][vc_column_inner width=\u00bb1\/2&#8243; css=\u00bb.vc_custom_1551822630874{border-top-width: 1px !important;border-right-width: 1px !important;border-bottom-width: 1px !important;border-left-width: 1px !important;background-color: #ffffff !important;border-left-color: #939393 !important;border-right-color: #939393 !important;border-top-color: #939393 !important;border-bottom-color: #939393 !important;}\u00bb][vc_single_image image=\u00bb17763&#8243; img_size=\u00bblarge\u00bb add_caption=\u00bbyes\u00bb css=\u00bb.vc_custom_1762894708401{margin-bottom: 0px !important;border-bottom-width: 0px !important;padding-bottom: 10px !important;}\u00bb el_id=\u00bbAndr\u00e9s\u00bb][vc_column_text css=\u00bb.vc_custom_1635067453411{margin-top: 0px !important;border-top-width: 0px !important;padding-top: 0px !important;}\u00bb]<\/p>\n<h4 style=\"text-align: center;\"><strong>FAUSTO CALVO<\/strong><\/h4>\n<p style=\"text-align: center;\">P\u00e1rroco<\/p>\n<p>[\/vc_column_text][\/vc_column_inner][vc_column_inner width=\u00bb1\/2&#8243; css=\u00bb.vc_custom_1551822653335{border-top-width: 1px !important;border-right-width: 1px !important;border-bottom-width: 1px !important;border-left-width: 1px !important;background-color: #ffffff !important;border-left-color: #939393 !important;border-right-color: #939393 !important;border-top-color: #939393 !important;border-bottom-color: #939393 !important;}\u00bb][vc_single_image image=\u00bb14580&#8243; img_size=\u00bblarge\u00bb add_caption=\u00bbyes\u00bb css=\u00bb.vc_custom_1635067613329{margin-bottom: 0px !important;border-bottom-width: 0px !important;padding-bottom: 10px !important;}\u00bb][vc_column_text css=\u00bb.vc_custom_1635438473729{margin-top: 0px !important;border-top-width: 0px !important;padding-top: 0px !important;}\u00bb]<\/p>\n<h4 style=\"text-align: center;\"><strong>RAM\u00d3N PI\u00d1UELA<\/strong><\/h4>\n<p style=\"text-align: center;\">Vicario Parroquial<\/p>\n<p>[\/vc_column_text][\/vc_column_inner][\/vc_row_inner][vc_row_inner][vc_column_inner width=\u00bb1\/3&#8243; css=\u00bb.vc_custom_1551822630874{border-top-width: 1px !important;border-right-width: 1px !important;border-bottom-width: 1px !important;border-left-width: 1px !important;background-color: #ffffff !important;border-left-color: #939393 !important;border-right-color: #939393 !important;border-top-color: #939393 !important;border-bottom-color: #939393 !important;}\u00bb][vc_single_image image=\u00bb17762&#8243; img_size=\u00bblarge\u00bb add_caption=\u00bbyes\u00bb css=\u00bb.vc_custom_1762894596999{margin-bottom: 0px !important;border-bottom-width: 0px !important;padding-bottom: 10px !important;}\u00bb][vc_column_text css=\u00bb.vc_custom_1762895356054{margin-top: 0px !important;border-top-width: 0px !important;padding-top: 0px !important;}\u00bb]<\/p>\n<h4 style=\"text-align: center;\"><strong>DIEGO CANO<\/strong><\/h4>\n<p style=\"text-align: center;\">Vicario Parroquial<\/p>\n<p>[\/vc_column_text][\/vc_column_inner][vc_column_inner width=\u00bb1\/3&#8243; css=\u00bb.vc_custom_1764873419178{background-color: #FFFFFF !important;}\u00bb][vc_single_image image=\u00bb17764&#8243; img_size=\u00bblarge\u00bb add_caption=\u00bbyes\u00bb css=\u00bb\u00bb][vc_column_text css=\u00bb.vc_custom_1764873835199{margin-top: 0px !important;padding-top: 0px !important;}\u00bb]<\/p>\n<h4 style=\"text-align: center;\"><strong>CARLOS CABRERA<\/strong><\/h4>\n<p style=\"text-align: center;\">Vicario Parroquial<\/p>\n<p>[\/vc_column_text][\/vc_column_inner][vc_column_inner width=\u00bb1\/3&#8243; font_color=\u00bb#FFFFFF\u00bb css=\u00bb.vc_custom_1764873480885{background-color: #FFFFFF !important;}\u00bb][vc_single_image image=\u00bb17765&#8243; img_size=\u00bblarge\u00bb add_caption=\u00bbyes\u00bb css=\u00bb\u00bb][vc_column_text css=\u00bb.vc_custom_1764873703177{margin-top: 0px !important;border-top-width: 0px !important;padding-top: 0px !important;}\u00bb]<\/p>\n<h4 style=\"text-align: center;\"><strong>RA\u00daL DEL OLMO<\/strong><\/h4>\n<p style=\"text-align: center;\">Vicario Parroquial<\/p>\n<p>[\/vc_column_text][\/vc_column_inner][\/vc_row_inner][\/vc_column][\/vc_row][vc_row css=\u00bb.vc_custom_1568626851811{margin-bottom: 0px !important;padding-top: 89px !important;padding-bottom: 13px !important;}\u00bb parallax_background=\u00bb\u00bb][vc_column width=\u00bb1\/2&#8243; animation=\u00bbrda_fadeInLeft\u00bb css=\u00bb.vc_custom_1422769029372{padding-bottom: 46px !important;}\u00bb][vc_single_image image=\u00bb9805&#8243; img_size=\u00bbfull\u00bb][\/vc_column][vc_column width=\u00bb1\/2&#8243; animation=\u00bbrda_fadeInRight\u00bb css=\u00bb.vc_custom_1568626838267{padding-top: 4px !important;padding-bottom: 50px !important;}\u00bb][vc_custom_heading text=\u00bbTU PARROQUIA\u00bb font_container=\u00bbtag:h2|font_size:30|text_align:left\u00bb google_fonts=\u00bbfont_family:Lato%3A100%2C100italic%2C300%2C300italic%2Cregular%2Citalic%2C700%2C700italic%2C900%2C900italic|font_style:900%20bold%20regular%3A900%3Anormal\u00bb css=\u00bb.vc_custom_1568626417701{margin-bottom: 17px !important;}\u00bb el_class=\u00bbletterspacing-2&#8243;][vc_column_text css=\u00bb.vc_custom_1612104875100{margin-bottom: 25px !important;}\u00bb]<span style=\"color: #000000;\">La parroquia<strong> Santa Teresa Benedicta De la Cruz&nbsp;<\/strong>comenz\u00f3 a andar a finales de los noventa y desde entonces, no ha parado de crecer a medida que el barrio de Arroyo Fresno tambi\u00e9n crec\u00eda. <\/span><\/p>\n<p><span style=\"color: #000000;\">Primero comenzamos con un peque\u00f1o barrac\u00f3n y, poco a poco, el edificio f\u00edsico fue tomando forma. Pero lo m\u00e1s importante: todos empezamos a sentir la parroquia como nuestra casa. Los m\u00e1s peque\u00f1os no s\u00f3lo ven\u00edan a prepararse para recibir la primera comuni\u00f3n,&nbsp; tambi\u00e9n se acercaban los viernes para jugar con sus amigos y crecer en amistad con Jes\u00fas; los j\u00f3venes, animados por las peregrinaciones y las JMJs, comenzaban a sentir la parroquia como su centro de encuentro, con la alegr\u00eda de acercarse cada vez m\u00e1s al Se\u00f1or; y los grupos de matrimonios y adultos, que se re\u00fanen cada viernes, no han parado de crecer con el objetivo de formarse y vivir como ap\u00f3stoles. As\u00ed, la parroquia se ha convertido en <strong>una gran familia de familias<\/strong> que camina unida hacia la meta: el cielo.<\/span><\/p>\n<p><span style=\"font-weight: 400; color: #000000;\">A trav\u00e9s de esta web nos conocer\u00e1s m\u00e1s, las actividades que realizamos, los grupos en los que puedes participar, la preparaci\u00f3n de los distintos sacramentos; pero la mejor forma de conocernos es viniendo! <\/span><\/p>\n<p><span style=\"font-weight: 400; color: #000000;\">\u00bfTE UNES? El Se\u00f1or nos espera, \u00a1te espera!<\/span>[\/vc_column_text][\/vc_column][\/vc_row][vc_row css=\u00bb.vc_custom_1552947141982{margin-bottom: 0px !important;padding-top: 20px !important;padding-bottom: 33px !important;}\u00bb parallax_background=\u00bb\u00bb][vc_column width=\u00bb1\/2&#8243; animation=\u00bbrda_fadeInLeft\u00bb css=\u00bb.vc_custom_1422769029372{padding-bottom: 46px !important;}\u00bb][vc_custom_heading text=\u00bbSANTA TERESA BENEDICTA DE LA CRUZ\u00bb font_container=\u00bbtag:h2|font_size:30|text_align:left\u00bb google_fonts=\u00bbfont_family:Lato%3A100%2C100italic%2C300%2C300italic%2Cregular%2Citalic%2C700%2C700italic%2C900%2C900italic|font_style:900%20bold%20regular%3A900%3Anormal\u00bb css=\u00bb.vc_custom_1550785268150{margin-bottom: 17px !important;}\u00bb el_class=\u00bbletterspacing-2&#8243;][vc_column_text css=\u00bb.vc_custom_1603748129885{margin-bottom: 5px !important;border-bottom-width: 0px !important;padding-bottom: 0px !important;}\u00bb]<span style=\"color: #000000;\">Edith Stein naci\u00f3 en la ciudad prusiana de Breslau \u2013hoy Polonia- el 12 de octubre de 1891. Fue la peque\u00f1a de una familia profundamente jud\u00eda.<\/span><\/p>\n<p><span style=\"color: #000000;\">Desde ni\u00f1a fue una estudiante brillante, y la escuela era para ella su segundo hogar. Siendo adolescente cay\u00f3 en la cuenta de que ni la escuela ni su fe jud\u00eda daban respuesta a c\u00f3mo afrontar las grandes preguntas de la vida. En su autenticidad, abandon\u00f3 interiormente su religi\u00f3n y se identific\u00f3 con un humanismo pr\u00e1ctico: \u201cestamos en el mundo para servir a la humanidad\u201d.<\/span><\/p>\n<p><span style=\"color: #000000;\">Estudi\u00f3 &nbsp;primero en la Universidad de Breslau, donde ingres\u00f3 en 1911, y luego en la de Gotinga. Detr\u00e1s de la elecci\u00f3n de sus estudios en Filosof\u00eda se esconden sus ansias viscerales por descubrir cu\u00e1l es la verdad y cu\u00e1l el sentido de la vida del hombre. En Gotinga fue disc\u00edpula aventajada del fundador de la fenomenolog\u00eda, Husserl, con quien hizo su doctorado y se convirti\u00f3 en su asistente personal.<\/span><\/p>\n<p>&#8230;[\/vc_column_text][button type=\u00bbrd_stroke_bt\u00bb radius=\u00bb1&#8243; url=\u00bbhttp:\/\/stbc.es\/biografia-de-edith-stein\/\u00bb position=\u00bbta_center\u00bb]Leer m\u00e1s[\/button][\/vc_column][vc_column width=\u00bb1\/2&#8243; css=\u00bb.vc_custom_1422768540581{padding-top: 4px !important;padding-bottom: 50px !important;}\u00bb][vc_single_image image=\u00bb9804&#8243; img_size=\u00bbfull\u00bb][\/vc_column][\/vc_row][vc_row][vc_column width=\u00bb1\/2&#8243;][vc_single_image image=\u00bb9799&#8243; img_size=\u00bbfull\u00bb alignment=\u00bbcenter\u00bb][vc_custom_heading text=\u00bbCOLUMBARIO\u00bb font_container=\u00bbtag:h2|font_size:30|text_align:left\u00bb google_fonts=\u00bbfont_family:Lato%3A100%2C100italic%2C300%2C300italic%2Cregular%2Citalic%2C700%2C700italic%2C900%2C900italic|font_style:900%20bold%20regular%3A900%3Anormal\u00bb css=\u00bb.vc_custom_1550839105535{margin-bottom: 17px !important;}\u00bb el_class=\u00bbletterspacing-2&#8243;][vc_column_text]<span style=\"color: #000000;\">En nuestra parroquia contamos con una Cripta que alberga un espacio para los columbarios. Los \u201cloculi\u201d pueden albergar cuatro \u00e1nforas, siendo el tiempo m\u00ednimo de propiedad de 50 a\u00f1os, prorrogables. <\/span><span style=\"color: #000000;\">&nbsp;&nbsp;<\/span><span style=\"color: #000000;\">Si est\u00e1 interesado en adquirir un \u201cloculi\u201d, puede contactar con el despacho parroquial.<br \/>\n<\/span>[\/vc_column_text][\/vc_column][vc_column width=\u00bb1\/2&#8243;][vc_single_image image=\u00bb9803&#8243; img_size=\u00bbfull\u00bb alignment=\u00bbcenter\u00bb][vc_custom_heading text=\u00bbSALA INFANTIL\u00bb font_container=\u00bbtag:h2|font_size:30|text_align:left\u00bb google_fonts=\u00bbfont_family:Lato%3A100%2C100italic%2C300%2C300italic%2Cregular%2Citalic%2C700%2C700italic%2C900%2C900italic|font_style:900%20bold%20regular%3A900%3Anormal\u00bb css=\u00bb.vc_custom_1564395704069{margin-bottom: 17px !important;}\u00bb el_class=\u00bbletterspacing-2&#8243;][vc_column_text]<span style=\"color: #000000;\">En la planta de arriba de la parroquia contamos tambi\u00e9n con una sala infantil desde la que se puede ver y escuchar la misa a trav\u00e9s de unos altavoces.&nbsp; Cuenta con unos grandes ventanales y algunos juguetes para los m\u00e1s peque\u00f1os. Todos los ni\u00f1os son bienvenidos al templo pero si lo prefieren pueden participar en la Eucarist\u00eda desde la sala infantil.&nbsp;<\/span>[\/vc_column_text][\/vc_column][\/vc_row][vc_row css=\u00bb.vc_custom_1564397105467{margin-bottom: 0px !important;padding-bottom: 0px !important;}\u00bb parallax_background=\u00bb\u00bb][vc_column css=\u00bb.vc_custom_1564397114340{padding-top: 5px !important;padding-bottom: 30px !important;}\u00bb][vc_single_image image=\u00bb9801&#8243; img_size=\u00bbfull\u00bb alignment=\u00bbcenter\u00bb][\/vc_column][\/vc_row][vc_row css=\u00bb.vc_custom_1564396795328{margin-bottom: 0px !important;padding-bottom: 0px !important;}\u00bb parallax_background=\u00bb\u00bb][vc_column width=\u00bb1\/2&#8243; css=\u00bb.vc_custom_1564396761894{padding-bottom: 30px !important;}\u00bb][vc_custom_heading text=\u00bbCONSEJO ECON\u00d3MICO\u00bb font_container=\u00bbtag:h2|font_size:30|text_align:left\u00bb google_fonts=\u00bbfont_family:Lato%3A100%2C100italic%2C300%2C300italic%2Cregular%2Citalic%2C700%2C700italic%2C900%2C900italic|font_style:900%20bold%20regular%3A900%3Anormal\u00bb css=\u00bb.vc_custom_1550785149469{margin-bottom: 17px !important;}\u00bb el_class=\u00bbletterspacing-2&#8243;][vc_column_text css=\u00bb.vc_custom_1550839492551{margin-bottom: 25px !important;}\u00bb]<span style=\"color: #000000;\">El Consejo Econ\u00f3mico es un \u00f3rgano colegiado presidido por el P\u00e1rroco entre cuyas funciones destaca la de contribuir a formar eficazmente la conciencia de los fieles acerca de su deber de ayudar a la Iglesia en sus necesidades, de modo que disponga de lo necesario para el culto divino, las obras apost\u00f3licas y de caridad y el conveniente sustento de sus ministros.<\/span><\/p>\n<p><span style=\"color: #000000;\">Corresponde al Consejo Econ\u00f3mico arbitrar los recursos ordinarios y extraordinarios de la parroquia, elaborar los presupuestos anuales de ingresos y gastos, aprobar los balances econ\u00f3micos, tener al d\u00eda el inventario de los bienes, buscar el asesoramiento de cuestiones fiscales y laborales que puedan afectar a la econom\u00eda de la parroquia e informar de la marcha de la econom\u00eda a la comunidad parroquial.<\/span>[\/vc_column_text][rd_lists_ctn style=\u00bbrd_list_1&#8243;][rd_list i_color=\u00bb#2c3e50&#8243; link=\u00bb#\u00bb icon=\u00bbfa-check-circle\u00bb]Presidente: D. Fausto Calvo Vicente -P\u00e1rroco-[\/rd_list][rd_list i_color=\u00bb#2c3e50&#8243; link=\u00bb#\u00bb icon=\u00bbfa-check-circle\u00bb]Vicepresidente: Antonio Hern\u00e1ndez L\u00f3pez[\/rd_list][rd_list i_color=\u00bb#2c3e50&#8243; link=\u00bb#\u00bb icon=\u00bbfa-check-circle\u00bb]Secretario: Raimundo Jos\u00e9 Serrano Alcaide[\/rd_list][rd_list i_color=\u00bb#2c3e50&#8243; link=\u00bb#\u00bb icon=\u00bbfa-check-circle\u00bb]Cristina Fern\u00e1ndez Vidaurreta (Vocal)[\/rd_list][rd_list i_color=\u00bb#2c3e50&#8243; link=\u00bb#\u00bb icon=\u00bbfa-check-circle\u00bb]Clara Pardo Gil (Vocal)[\/rd_list][rd_list i_color=\u00bb#2c3e50&#8243; link=\u00bb#\u00bb icon=\u00bbfa-check-circle\u00bb]Roberto Guti\u00e9rrez (Vocal)[\/rd_list][rd_list i_color=\u00bb#2c3e50&#8243; link=\u00bb#\u00bb icon=\u00bbfa-check-circle\u00bb]Desiderio Marina Gonz\u00e1lez (Vocal)[\/rd_list][rd_list i_color=\u00bb#2c3e50&#8243; link=\u00bb#\u00bb icon=\u00bbfa-check-circle\u00bb]Luciano Ochoa Abreu (Vocal)[\/rd_list][rd_list i_color=\u00bb#2c3e50&#8243; link=\u00bb#\u00bb icon=\u00bbfa-check-circle\u00bb]Jaime Mart\u00edn-Oar Fern\u00e1ndez de Heredia (Vocal)[\/rd_list][rd_list i_color=\u00bb#2c3e50&#8243; link=\u00bb#\u00bb icon=\u00bbfa-check-circle\u00bb]Jos\u00e9 Fern\u00e1ndez V\u00e1zquez (Vocal)[\/rd_list][rd_list i_color=\u00bb#2c3e50&#8243; link=\u00bb#\u00bb icon=\u00bbfa-check-circle\u00bb]Pablo Gim\u00e9nez Soriano (Vocal)[\/rd_list][\/rd_lists_ctn][\/vc_column][vc_column width=\u00bb1\/2&#8243; animation=\u00bbrda_fadeInUp\u00bb][vc_custom_heading text=\u00bbCONSEJO PASTORAL\u00bb font_container=\u00bbtag:h2|font_size:30|text_align:left\u00bb google_fonts=\u00bbfont_family:Lato%3A100%2C100italic%2C300%2C300italic%2Cregular%2Citalic%2C700%2C700italic%2C900%2C900italic|font_style:900%20bold%20regular%3A900%3Anormal\u00bb css=\u00bb.vc_custom_1550785167756{margin-bottom: 17px !important;}\u00bb el_class=\u00bbletterspacing-2&#8243;][vc_column_text css=\u00bb.vc_custom_1550839500552{margin-bottom: 25px !important;}\u00bb]<span style=\"color: #000000;\">El Consejo Pastoral es un cuerpo org\u00e1nico dirigido por el P\u00e1rroco y destinado a poner en pr\u00e1ctica la misi\u00f3n confiada a toda la comunidad parroquial mediante la pluralidad de ministerios.<\/span><\/p>\n<p><span style=\"color: #000000;\">Tiene por objeto servir de cauce adecuado de corresponsabilidad eclesial y de coordinaci\u00f3n pastoral; signo de la comuni\u00f3n de los hermanos; punto de encuentro de quienes viven su fe en las m\u00e1s diversas situaciones ambientales; motor de las tareas evangelizadoras de toda la comunidad; lugar en el que se elaboran las genuinas decisiones de Iglesia mediante el di\u00e1logo sincero, la comunicaci\u00f3n rec\u00edproca y el discernimiento humilde con la presidencia en caridad del Presb\u00edtero a quien corresponde armonizar lo diverso, defender el bien com\u00fan y confesar esforzadamente la verdad.<\/span>[\/vc_column_text][rd_lists_ctn style=\u00bbrd_list_1&#8243;][rd_list i_color=\u00bb#2c3e50&#8243; link=\u00bb#\u00bb icon=\u00bbfa-check-circle\u00bb]Presidente: D. Fausto Calvo Vicente -P\u00e1rroco-[\/rd_list][rd_list i_color=\u00bb#2c3e50&#8243; link=\u00bb#\u00bb icon=\u00bbfa-check-circle\u00bb]Don Ram\u00f3n Pi\u00f1uela[\/rd_list][rd_list i_color=\u00bb#2c3e50&#8243; link=\u00bb#\u00bb icon=\u00bbfa-check-circle\u00bb]Don Diego Cano[\/rd_list][rd_list i_color=\u00bb#2c3e50&#8243; link=\u00bb#\u00bb icon=\u00bbfa-check-circle\u00bb]Don Ra\u00fal del Olmo[\/rd_list][rd_list i_color=\u00bb#2c3e50&#8243; link=\u00bb#\u00bb icon=\u00bbfa-check-circle\u00bb]Don Carlos Cabrera[\/rd_list][rd_list i_color=\u00bb#2c3e50&#8243; link=\u00bb#\u00bb icon=\u00bbfa-check-circle\u00bb]Pablo Bra\u00f1as (Secretario)[\/rd_list][rd_list i_color=\u00bb#2c3e50&#8243; link=\u00bb#\u00bb icon=\u00bbfa-check-circle\u00bb]Representante de los j\u00f3venes: Almudena Porras e Ignacio Lanza[\/rd_list][rd_list i_color=\u00bb#2c3e50&#8243; link=\u00bb#\u00bb icon=\u00bbfa-check-circle\u00bb]Representante de catequesis: Regina G\u00f3mez Seco[\/rd_list][rd_list i_color=\u00bb#2c3e50&#8243; link=\u00bb#\u00bb icon=\u00bbfa-check-circle\u00bb]Representante de adultos: Roc\u00edo Samaniego, Pablo V\u00e1zquez, Javier V\u00e1zquez, Mar\u00eda Postigo, Ana Mar\u00eda Molleda, Antonio Crespo y Luciano Ochoa[\/rd_list][rd_list i_color=\u00bb#2c3e50&#8243; link=\u00bb#\u00bb icon=\u00bbfa-check-circle\u00bb]Representante Vida Ascendente y Mayores: Ascensi\u00f3n Berrio Fern\u00e1ndez &#8211; Caballero[\/rd_list][rd_list i_color=\u00bb#2c3e50&#8243; link=\u00bb#\u00bb icon=\u00bbfa-check-circle\u00bb]Representante de prematrimoniales y prebautismales: Mar\u00eda Piquer[\/rd_list][rd_list i_color=\u00bb#2c3e50&#8243; link=\u00bb#\u00bb icon=\u00bbfa-check-circle\u00bb]Representante de matrimonios j\u00f3venes: Jos\u00e9 Ribelles y \u00c1lvaro Aznar[\/rd_list][rd_list i_color=\u00bb#2c3e50&#8243; link=\u00bb#\u00bb icon=\u00bbfa-check-circle\u00bb]Representante de liturgia: Fernando Pueyes[\/rd_list][rd_list i_color=\u00bb#2c3e50&#8243; link=\u00bb#\u00bb icon=\u00bbfa-check-circle\u00bb]Representante del Consejo Econ\u00f3mico: Antonio Hern\u00e1ndez[\/rd_list][rd_list i_color=\u00bb#2c3e50&#8243; link=\u00bb#\u00bb icon=\u00bbfa-check-circle\u00bb]Representante Proyecto Amor Conyugal: Ignacio Ortega[\/rd_list][\/rd_lists_ctn][\/vc_column][\/vc_row]<\/p>\n","protected":false},"excerpt":{"rendered":"<p>[vc_row type=\u00bbfull-width-section\u00bb css=\u00bb.vc_custom_1550846679412{margin-bottom: 0px !important;border-top-width: 1px !important;border-bottom-width: 1px !important;padding-top: 22px !important;padding-bottom: 0px !important;background-color: #f9fafb !important;border-top-color: #ebebeb !important;border-top-style: solid !important;border-bottom-color: #ebebeb !important;border-bottom-style: solid !important;}\u00bb parallax_background=\u00bb\u00bb][vc_column css=\u00bb.vc_custom_1550846529990{margin-bottom: 0px !important;border-bottom-width: 0px !important;padding-bottom: 0px !important;}\u00bb][vc_custom_heading text=\u00bbCONOCE A NUESTROS SACERDOTES\u00bb font_container=\u00bbtag:h2|font_size:30|text_align:left\u00bb google_fonts=\u00bbfont_family:Lato%3A100%2C100italic%2C300%2C300italic%2Cregular%2Citalic%2C700%2C700italic%2C900%2C900italic|font_style:900%20bold%20regular%3A900%3Anormal\u00bb css=\u00bb.vc_custom_1550846502222{margin-bottom: 17px !important;}\u00bb el_class=\u00bbletterspacing-2&#8243;][vc_row_inner][vc_column_inner width=\u00bb1\/2&#8243; css=\u00bb.vc_custom_1551822630874{border-top-width: 1px !important;border-right-width: 1px !important;border-bottom-width: 1px !important;border-left-width: 1px !important;background-color: #ffffff !important;border-left-color: #939393 !important;border-right-color: [&hellip;]<\/p>\n","protected":false},"author":5,"featured_media":0,"parent":0,"menu_order":54,"comment_status":"closed","ping_status":"closed","template":"","meta":{"footnotes":""},"class_list":["post-9796","page","type-page","status-publish","hentry"],"_links":{"self":[{"href":"https:\/\/edithstein.archimadrid.es\/index.php?rest_route=\/wp\/v2\/pages\/9796","targetHints":{"allow":["GET"]}}],"collection":[{"href":"https:\/\/edithstein.archimadrid.es\/index.php?rest_route=\/wp\/v2\/pages"}],"about":[{"href":"https:\/\/edithstein.archimadrid.es\/index.php?rest_route=\/wp\/v2\/types\/page"}],"author":[{"embeddable":true,"href":"https:\/\/edithstein.archimadrid.es\/index.php?rest_route=\/wp\/v2\/users\/5"}],"replies":[{"embeddable":true,"href":"https:\/\/edithstein.archimadrid.es\/index.php?rest_route=%2Fwp%2Fv2%2Fcomments&post=9796"}],"version-history":[{"count":0,"href":"https:\/\/edithstein.archimadrid.es\/index.php?rest_route=\/wp\/v2\/pages\/9796\/revisions"}],"wp:attachment":[{"href":"https:\/\/edithstein.archimadrid.es\/index.php?rest_route=%2Fwp%2Fv2%2Fmedia&parent=9796"}],"curies":[{"name":"wp","href":"https:\/\/api.w.org\/{rel}","templated":true}]}}